{"id":2166,"date":"2021-01-20T06:51:46","date_gmt":"2021-01-20T06:51:46","guid":{"rendered":"https:\/\/detoco.com\/vi\/?post_type=product&#038;p=2166"},"modified":"2021-02-03T23:06:27","modified_gmt":"2021-02-03T23:06:27","slug":"tui-zipper-ky-day","status":"publish","type":"product","link":"https:\/\/detoco.com\/ja\/product\/tui-zipper-ky-day\/","title":{"rendered":"T\u00fai Zipper k\u00fd d\u00e0y"},"content":{"rendered":"","protected":false},"excerpt":{"rendered":"","protected":false},"featured_media":2167,"template":"","meta":[],"_links":{"self":[{"href":"https:\/\/detoco.com\/ja\/wp-json\/wp\/v2\/product\/2166"}],"collection":[{"href":"https:\/\/detoco.com\/ja\/wp-json\/wp\/v2\/product"}],"about":[{"href":"https:\/\/detoco.com\/ja\/wp-json\/wp\/v2\/types\/product"}],"wp:featuredmedia":[{"embeddable":true,"href":"https:\/\/detoco.com\/ja\/wp-json\/wp\/v2\/media\/2167"}],"wp:attachment":[{"href":"https:\/\/detoco.com\/ja\/wp-json\/wp\/v2\/media?parent=2166"}],"curies":[{"name":"wp","href":"https:\/\/api.w.org\/{rel}","templated":true}]}}