{"id":2172,"date":"2021-01-21T02:05:16","date_gmt":"2021-01-21T02:05:16","guid":{"rendered":"https:\/\/detoco.com\/vi\/?post_type=product&#038;p=2172"},"modified":"2021-02-03T23:20:19","modified_gmt":"2021-02-03T23:20:19","slug":"tui-zipper-day-dung","status":"publish","type":"product","link":"https:\/\/detoco.com\/ja\/product\/tui-zipper-day-dung\/","title":{"rendered":"T\u00fai Zipper \u0111\u00e1y \u0111\u1ee9ng"},"content":{"rendered":"","protected":false},"excerpt":{"rendered":"","protected":false},"featured_media":2173,"template":"","meta":[],"_links":{"self":[{"href":"https:\/\/detoco.com\/ja\/wp-json\/wp\/v2\/product\/2172"}],"collection":[{"href":"https:\/\/detoco.com\/ja\/wp-json\/wp\/v2\/product"}],"about":[{"href":"https:\/\/detoco.com\/ja\/wp-json\/wp\/v2\/types\/product"}],"wp:featuredmedia":[{"embeddable":true,"href":"https:\/\/detoco.com\/ja\/wp-json\/wp\/v2\/media\/2173"}],"wp:attachment":[{"href":"https:\/\/detoco.com\/ja\/wp-json\/wp\/v2\/media?parent=2172"}],"curies":[{"name":"wp","href":"https:\/\/api.w.org\/{rel}","templated":true}]}}