{"id":533,"date":"2017-10-13T02:54:38","date_gmt":"2017-10-13T02:54:38","guid":{"rendered":"http:\/\/viet.local\/construct\/?page_id=533"},"modified":"2024-05-08T04:55:49","modified_gmt":"2024-05-08T04:55:49","slug":"contact-us","status":"publish","type":"page","link":"https:\/\/detoco.com\/vi\/contact-us\/","title":{"rendered":"Li\u00ean h\u1ec7"},"content":{"rendered":"<p>[vc_row full_width=&#8221;stretch_row_content_no_spaces&#8221;][vc_column width=&#8221;1\/2&#8243;][vc_raw_html]JTNDaWZyYW1lJTIwc3JjJTNEJTIyaHR0cHMlM0ElMkYlMkZ3d3cuZ29vZ2xlLmNvbSUyRm1hcHMlMkZlbWJlZCUzRnBiJTNEJTIxMW0xNCUyMTFtOCUyMTFtMyUyMTFkMzI5Ni4wMjI1NjkyNjAyMzElMjEyZDEwNi42NDg2Nzc5NDU0MzkxJTIxM2QxMC43NjExNjU5MjA5MzgzMDUlMjEzbTIlMjExaTEwMjQlMjEyaTc2OCUyMTRmMTMuMSUyMTNtMyUyMTFtMiUyMTFzMHgwJTI1M0EweDE5ZjJjMjM2NjMwYmVkNDAlMjEyelZzU0RiaUJRYU1PeWJtY2d4SkRodXFGcElFUnA0YnVIYmlCRHc3UnVaeUJVZVNCRDRidVZJRkJvNGJxbmJpQkVhZUc3aDNVZ1ZHakdzTWFoYm1jJTIxNWUwJTIxM20yJTIxMXN2aSUyMTJzJTIxNHYxNTM1Njk5MTcwOTQ2JTIyJTIwd2lkdGglM0QlMjIxMDAlMjUlMjIlMjBoZWlnaHQlM0QlMjI0NTAlMjIlMjBmcmFtZWJvcmRlciUzRCUyMjAlMjIlMjBzdHlsZSUzRCUyMmJvcmRlciUzQTAlMjIlMjBhbGxvd2Z1bGxzY3JlZW4lM0UlM0MlMkZpZnJhbWUlM0U=[\/vc_raw_html][\/vc_column][vc_column width=&#8221;1\/2&#8243;][vc_raw_html]JTNDaWZyYW1lJTIwc3JjJTNEJTIyaHR0cHMlM0ElMkYlMkZ3d3cuZ29vZ2xlLmNvbSUyRm1hcHMlMkZlbWJlZCUzRnBiJTNEJTIxMW0xOCUyMTFtMTIlMjExbTMlMjExZDM5MTguMzUzNzc0Mjc0NTk0JTIxMmQxMDYuOTU1MjI2ODE0MDI0NTclMjEzZDEwLjg2MDY3Mzk2MDYwNDYxMSUyMTJtMyUyMTFmMCUyMTJmMCUyMTNmMCUyMTNtMiUyMTFpMTAyNCUyMTJpNzY4JTIxNGYxMy4xJTIxM20zJTIxMW0yJTIxMXMweDMxNzUxZmQ1NzM0NTFhOTUlMjUzQTB4ZDlhNTE5ODk3NzY2OWU0ZSUyMTJ6UThPMGJtY2dWSGtnUS1HN2xTQlFhT0c2cDI0Z1JHbmh1NGQxSUZSb3hyREdvVzVuSUNoRVpYUnZZMjhwJTIxNWUwJTIxM20yJTIxMXN2aSUyMTJzJTIxNHYxNjA3NjU5MTUyNjA0JTIxNW0yJTIxMXN2aSUyMTJzJTIyJTIwd2lkdGglM0QlMjI2MDAlMjIlMjBoZWlnaHQlM0QlMjI0NTAlMjIlMjBmcmFtZWJvcmRlciUzRCUyMjAlMjIlMjBzdHlsZSUzRCUyMmJvcmRlciUzQTAlM0IlMjIlMjBhbGxvd2Z1bGxzY3JlZW4lM0QlMjIlMjIlMjBhcmlhLWhpZGRlbiUzRCUyMmZhbHNlJTIyJTIwdGFiaW5kZXglM0QlMjIwJTIyJTNFJTNDJTJGaWZyYW1lJTNF[\/vc_raw_html][\/vc_column][\/vc_row][vc_row lg_spacing=&#8221;padding_top:100;padding_bottom:50&#8243;][vc_column width=&#8221;1\/2&#8243; lg_spacing=&#8221;margin_bottom:50&#8243;][tm_heading custom_google_font=&#8221;&#8221; text_color=&#8221;primary_color&#8221; text=&#8221;V\u0103n Ph\u00f2ng \u0110\u1ea1i Di\u1ec7n&#8221; typed_list=&#8221;%5B%7B%7D%5D&#8221; font_size=&#8221;lg:20&#8243; line_height=&#8221;1.2&#8243; css=&#8221;.vc_custom_1607419954949{margin-bottom: 20px !important;}&#8221;][vc_separator][tm_list marker_color=&#8221;secondary_color&#8221; icon_type=&#8221;fontawesome&#8221; icon_fontawesome=&#8221;fa fa-check&#8221; item_style=&#8221;&#8221; style=&#8221;&#8221; items=&#8221;%5B%7B%22item_title%22%3A%22S%E1%BB%91%2060%20%C4%91%C6%B0%E1%BB%9Dng%20s%E1%BB%91%205%20C%C6%B0%20x%C3%A1%20B%C3%ACnh%20Th%E1%BB%9Bi%2C%20Ph%C6%B0%E1%BB%9Dng%208%2C%20Qu%E1%BA%ADn%2011%2C%20Tp.%20HCM%22%2C%22link%22%3A%22%7C%7C%7C%22%2C%22type%22%3A%22fontawesome%22%2C%22icon_fontawesome%22%3A%22fa%20fa-map-marker%22%2C%22icon_pe7stroke%22%3A%22pe-7s-album%22%2C%22icon_linea%22%3A%22icon-basic-accelerator%22%7D%2C%7B%22item_title%22%3A%22sales%40detoco.com%22%2C%22type%22%3A%22fontawesome%22%2C%22icon_fontawesome%22%3A%22fa%20fa-envelope-o%22%2C%22icon_pe7stroke%22%3A%22pe-7s-album%22%2C%22icon_linea%22%3A%22icon-basic-accelerator%22%7D%2C%7B%22item_title%22%3A%22(%2B84)%2028%203858%204137%22%2C%22type%22%3A%22fontawesome%22%2C%22icon_fontawesome%22%3A%22fa%20fa-phone-square%22%2C%22icon_pe7stroke%22%3A%22pe-7s-album%22%2C%22icon_linea%22%3A%22icon-basic-accelerator%22%7D%5D&#8221;][\/vc_column][vc_column width=&#8221;1\/2&#8243; lg_spacing=&#8221;margin_bottom:50&#8243;][tm_heading custom_google_font=&#8221;&#8221; text_color=&#8221;primary_color&#8221; text=&#8221;Ph\u00e2n X\u01b0\u1edfng S\u1ea3n Xu\u1ea5t&#8221; typed_list=&#8221;%5B%7B%7D%5D&#8221; font_size=&#8221;lg:20&#8243; line_height=&#8221;1.2&#8243; css=&#8221;.vc_custom_1607419963479{margin-bottom: 20px !important;}&#8221;][vc_separator][tm_list marker_color=&#8221;secondary_color&#8221; icon_type=&#8221;fontawesome&#8221; icon_fontawesome=&#8221;fa fa-check&#8221; item_style=&#8221;&#8221; style=&#8221;&#8221; items=&#8221;%5B%7B%22item_title%22%3A%22Khu%20ph%E1%BB%91%20Long%20%C4%90%E1%BB%A9c%203%2C%20ph%C6%B0%E1%BB%9Dng%20Tam%20Ph%C6%B0%E1%BB%9Bc%2C%20TP.%20Bi%C3%AAn%20H%C3%B2a%2C%20t%E1%BB%89nh%20%C4%90%E1%BB%93ng%20Nai%22%2C%22link%22%3A%22%7C%7C%7C%22%2C%22type%22%3A%22fontawesome%22%2C%22icon_fontawesome%22%3A%22fa%20fa-map-marker%22%2C%22icon_pe7stroke%22%3A%22pe-7s-album%22%2C%22icon_linea%22%3A%22icon-basic-accelerator%22%7D%2C%7B%22item_title%22%3A%22sales%40detoco.com%22%2C%22type%22%3A%22fontawesome%22%2C%22icon_fontawesome%22%3A%22fa%20fa-envelope-o%22%2C%22icon_pe7stroke%22%3A%22pe-7s-album%22%2C%22icon_linea%22%3A%22icon-basic-accelerator%22%7D%2C%7B%22item_title%22%3A%22(%2B84)%2025%201351%201936%22%2C%22type%22%3A%22fontawesome%22%2C%22icon_fontawesome%22%3A%22fa%20fa-phone-square%22%2C%22icon_pe7stroke%22%3A%22pe-7s-album%22%2C%22icon_linea%22%3A%22icon-basic-accelerator%22%7D%5D&#8221;][\/vc_column][\/vc_row]<\/p>\n","protected":false},"excerpt":{"rendered":"[vc_row full_width=&#8221;stretch_row_content_no_spaces&#8221;][vc_column width=&#8221;1\/2&#8243;][vc_raw_html]JTNDaWZyYW1lJTIwc3JjJTNEJTIyaHR0cHMlM0ElMkYlMkZ3d3cuZ29vZ2xlLmNvbSUyRm1hcHMlMkZlbWJlZCUzRnBiJTNEJTIxMW0xNCUyMTFtOCUyMTFtMyUyMTFkMzI5Ni4wMjI1NjkyNjAyMzElMjEyZDEwNi42NDg2Nzc5NDU0MzkxJTIxM2QxMC43NjExNjU5MjA5MzgzMDUlMjEzbTIlMjExaTEwMjQlMjEyaTc2OCUyMTRmMTMuMSUyMTNtMyUyMTFtMiUyMTFzMHgwJTI1M0EweDE5ZjJjMjM2NjMwYmVkNDAlMjEyelZzU0RiaUJRYU1PeWJtY2d4SkRodXFGcElFUnA0YnVIYmlCRHc3UnVaeUJVZVNCRDRidVZJRkJvNGJxbmJpQkVhZUc3aDNVZ1ZHakdzTWFoYm1jJTIxNWUwJTIxM20yJTIxMXN2aSUyMTJzJTIxNHYxNTM1Njk5MTcwOTQ2JTIyJTIwd2lkdGglM0QlMjIxMDAlMjUlMjIlMjBoZWlnaHQlM0QlMjI0NTAlMjIlMjBmcmFtZWJvcmRlciUzRCUyMjAlMjIlMjBzdHlsZSUzRCUyMmJvcmRlciUzQTAlMjIlMjBhbGxvd2Z1bGxzY3JlZW4lM0UlM0MlMkZpZnJhbWUlM0U=[\/vc_raw_html][\/vc_column][vc_column width=&#8221;1\/2&#8243;][vc_raw_html]JTNDaWZyYW1lJTIwc3JjJTNEJTIyaHR0cHMlM0ElMkYlMkZ3d3cuZ29vZ2xlLmNvbSUyRm1hcHMlMkZlbWJlZCUzRnBiJTNEJTIxMW0xOCUyMTFtMTIlMjExbTMlMjExZDM5MTguMzUzNzc0Mjc0NTk0JTIxMmQxMDYuOTU1MjI2ODE0MDI0NTclMjEzZDEwLjg2MDY3Mzk2MDYwNDYxMSUyMTJtMyUyMTFmMCUyMTJmMCUyMTNmMCUyMTNtMiUyMTFpMTAyNCUyMTJpNzY4JTIxNGYxMy4xJTIxM20zJTIxMW0yJTIxMXMweDMxNzUxZmQ1NzM0NTFhOTUlMjUzQTB4ZDlhNTE5ODk3NzY2OWU0ZSUyMTJ6UThPMGJtY2dWSGtnUS1HN2xTQlFhT0c2cDI0Z1JHbmh1NGQxSUZSb3hyREdvVzVuSUNoRVpYUnZZMjhwJTIxNWUwJTIxM20yJTIxMXN2aSUyMTJzJTIxNHYxNjA3NjU5MTUyNjA0JTIxNW0yJTIxMXN2aSUyMTJzJTIyJTIwd2lkdGglM0QlMjI2MDAlMjIlMjBoZWlnaHQlM0QlMjI0NTAlMjIlMjBmcmFtZWJvcmRlciUzRCUyMjAlMjIlMjBzdHlsZSUzRCUyMmJvcmRlciUzQTAlM0IlMjIlMjBhbGxvd2Z1bGxzY3JlZW4lM0QlMjIlMjIlMjBhcmlhLWhpZGRlbiUzRCUyMmZhbHNlJTIyJTIwdGFiaW5kZXglM0QlMjIwJTIyJTNFJTNDJTJGaWZyYW1lJTNF[\/vc_raw_html][\/vc_column][\/vc_row][vc_row lg_spacing=&#8221;padding_top:100;padding_bottom:50&#8243;][vc_column width=&#8221;1\/2&#8243; lg_spacing=&#8221;margin_bottom:50&#8243;][tm_heading custom_google_font=&#8221;&#8221; text_color=&#8221;primary_color&#8221; text=&#8221;V\u0103n Ph\u00f2ng \u0110\u1ea1i Di\u1ec7n&#8221; typed_list=&#8221;%5B%7B%7D%5D&#8221; font_size=&#8221;lg:20&#8243; line_height=&#8221;1.2&#8243; css=&#8221;.vc_custom_1607419954949{margin-bottom: 20px !important;}&#8221;][vc_separator][tm_list marker_color=&#8221;secondary_color&#8221; icon_type=&#8221;fontawesome&#8221; icon_fontawesome=&#8221;fa fa-check&#8221; item_style=&#8221;&#8221; style=&#8221;&#8221; items=&#8221;%5B%7B%22item_title%22%3A%22S%E1%BB%91%2060%20%C4%91%C6%B0%E1%BB%9Dng%20s%E1%BB%91%205%20C%C6%B0%20x%C3%A1%20B%C3%ACnh%20Th%E1%BB%9Bi%2C%20Ph%C6%B0%E1%BB%9Dng%208%2C%20Qu%E1%BA%ADn%2011%2C%20Tp.%20HCM%22%2C%22link%22%3A%22%7C%7C%7C%22%2C%22type%22%3A%22fontawesome%22%2C%22icon_fontawesome%22%3A%22fa%20fa-map-marker%22%2C%22icon_pe7stroke%22%3A%22pe-7s-album%22%2C%22icon_linea%22%3A%22icon-basic-accelerator%22%7D%2C%7B%22item_title%22%3A%22sales%40detoco.com%22%2C%22type%22%3A%22fontawesome%22%2C%22icon_fontawesome%22%3A%22fa%20fa-envelope-o%22%2C%22icon_pe7stroke%22%3A%22pe-7s-album%22%2C%22icon_linea%22%3A%22icon-basic-accelerator%22%7D%2C%7B%22item_title%22%3A%22(%2B84)%2028%203858%204137%22%2C%22type%22%3A%22fontawesome%22%2C%22icon_fontawesome%22%3A%22fa%20fa-phone-square%22%2C%22icon_pe7stroke%22%3A%22pe-7s-album%22%2C%22icon_linea%22%3A%22icon-basic-accelerator%22%7D%5D&#8221;][\/vc_column][vc_column width=&#8221;1\/2&#8243; lg_spacing=&#8221;margin_bottom:50&#8243;][tm_heading custom_google_font=&#8221;&#8221; text_color=&#8221;primary_color&#8221; text=&#8221;Ph\u00e2n X\u01b0\u1edfng S\u1ea3n Xu\u1ea5t&#8221; typed_list=&#8221;%5B%7B%7D%5D&#8221; font_size=&#8221;lg:20&#8243; line_height=&#8221;1.2&#8243; css=&#8221;.vc_custom_1607419963479{margin-bottom: 20px !important;}&#8221;][vc_separator][tm_list marker_color=&#8221;secondary_color&#8221; icon_type=&#8221;fontawesome&#8221; icon_fontawesome=&#8221;fa fa-check&#8221; item_style=&#8221;&#8221; style=&#8221;&#8221; items=&#8221;%5B%7B%22item_title%22%3A%22Khu%20ph%E1%BB%91%20Long%20%C4%90%E1%BB%A9c%203%2C%20ph%C6%B0%E1%BB%9Dng%20Tam%20Ph%C6%B0%E1%BB%9Bc%2C%20TP.%20Bi%C3%AAn%20H%C3%B2a%2C%20t%E1%BB%89nh%20%C4%90%E1%BB%93ng%20Nai%22%2C%22link%22%3A%22%7C%7C%7C%22%2C%22type%22%3A%22fontawesome%22%2C%22icon_fontawesome%22%3A%22fa%20fa-map-marker%22%2C%22icon_pe7stroke%22%3A%22pe-7s-album%22%2C%22icon_linea%22%3A%22icon-basic-accelerator%22%7D%2C%7B%22item_title%22%3A%22sales%40detoco.com%22%2C%22type%22%3A%22fontawesome%22%2C%22icon_fontawesome%22%3A%22fa%20fa-envelope-o%22%2C%22icon_pe7stroke%22%3A%22pe-7s-album%22%2C%22icon_linea%22%3A%22icon-basic-accelerator%22%7D%2C%7B%22item_title%22%3A%22(%2B84)%2025%201351%201936%22%2C%22type%22%3A%22fontawesome%22%2C%22icon_fontawesome%22%3A%22fa%20fa-phone-square%22%2C%22icon_pe7stroke%22%3A%22pe-7s-album%22%2C%22icon_linea%22%3A%22icon-basic-accelerator%22%7D%5D&#8221;][\/vc_column][\/vc_row]","protected":false},"author":1,"featured_media":0,"parent":0,"menu_order":0,"comment_status":"closed","ping_status":"closed","template":"","meta":[],"_links":{"self":[{"href":"https:\/\/detoco.com\/vi\/wp-json\/wp\/v2\/pages\/533"}],"collection":[{"href":"https:\/\/detoco.com\/vi\/wp-json\/wp\/v2\/pages"}],"about":[{"href":"https:\/\/detoco.com\/vi\/wp-json\/wp\/v2\/types\/page"}],"author":[{"embeddable":true,"href":"https:\/\/detoco.com\/vi\/wp-json\/wp\/v2\/users\/1"}],"replies":[{"embeddable":true,"href":"https:\/\/detoco.com\/vi\/wp-json\/wp\/v2\/comments?post=533"}],"version-history":[{"count":63,"href":"https:\/\/detoco.com\/vi\/wp-json\/wp\/v2\/pages\/533\/revisions"}],"predecessor-version":[{"id":3149,"href":"https:\/\/detoco.com\/vi\/wp-json\/wp\/v2\/pages\/533\/revisions\/3149"}],"wp:attachment":[{"href":"https:\/\/detoco.com\/vi\/wp-json\/wp\/v2\/media?parent=533"}],"curies":[{"name":"wp","href":"https:\/\/api.w.org\/{rel}","templated":true}]}}