{"id":972,"date":"2017-10-31T03:37:37","date_gmt":"2017-10-31T03:37:37","guid":{"rendered":"http:\/\/viet.local\/construct\/?page_id=972"},"modified":"2024-05-09T09:48:46","modified_gmt":"2024-05-09T09:48:46","slug":"construction-corporate","status":"publish","type":"page","link":"https:\/\/detoco.com\/vi\/","title":{"rendered":"Home"},"content":{"rendered":"<p>[vc_row full_width=&#8221;stretch_row_content_no_spaces&#8221; lg_spacing=&#8221;margin_bottom:-35&#8243;][vc_column][vc_column_text]<script data-cfasync=\"false\" type=\"text\/javascript\">var lsjQuery = jQuery;<\/script><script data-cfasync=\"false\" type=\"text\/javascript\">\r\nlsjQuery(document).ready(function() {\r\nif(typeof lsjQuery.fn.layerSlider == \"undefined\") {\r\nif( window._layerSlider && window._layerSlider.showNotice) { \r\nwindow._layerSlider.showNotice('layerslider_1','jquery');\r\n}\r\n} else {\r\nlsjQuery(\"#layerslider_1\").layerSlider({createdWith: '6.7.1', sliderVersion: '6.7.1', skin: 'v6', skinsPath: 'https:\/\/detoco.com\/wp-content\/plugins\/LayerSlider\/static\/layerslider\/skins\/'});\r\n}\r\n});\r\n<\/script><div id=\"layerslider_1\" class=\"ls-wp-container fitvidsignore\" style=\"width:1920px;height:700px;margin:0 auto;margin-bottom: 0px;\"><div class=\"ls-slide\" data-ls=\"duration:2000;kenburnsscale:1.2;\"><img width=\"1920\" height=\"789\" src=\"https:\/\/detoco.com\/wp-content\/uploads\/2021\/03\/Detoco-Building-Banner_1.jpg\" class=\"ls-bg\" alt=\"\" loading=\"lazy\" srcset=\"https:\/\/detoco.com\/wp-content\/uploads\/2021\/03\/Detoco-Building-Banner_1.jpg 1920w, https:\/\/detoco.com\/wp-content\/uploads\/2021\/03\/Detoco-Building-Banner_1-480x197.jpg 480w, https:\/\/detoco.com\/wp-content\/uploads\/2021\/03\/Detoco-Building-Banner_1-1024x421.jpg 1024w, https:\/\/detoco.com\/wp-content\/uploads\/2021\/03\/Detoco-Building-Banner_1-768x316.jpg 768w, https:\/\/detoco.com\/wp-content\/uploads\/2021\/03\/Detoco-Building-Banner_1-1536x631.jpg 1536w, https:\/\/detoco.com\/wp-content\/uploads\/2021\/03\/Detoco-Building-Banner_1-500x205.jpg 500w, https:\/\/detoco.com\/wp-content\/uploads\/2021\/03\/Detoco-Building-Banner_1-600x247.jpg 600w\" sizes=\"(max-width: 1920px) 100vw, 1920px\" \/><\/div><div class=\"ls-slide\" data-ls=\"duration:2000;kenburnsscale:1.2;\"><img width=\"1000\" height=\"615\" src=\"https:\/\/detoco.com\/wp-content\/uploads\/2021\/03\/Packing-4.jpg\" class=\"ls-bg\" alt=\"\" loading=\"lazy\" srcset=\"https:\/\/detoco.com\/wp-content\/uploads\/2021\/03\/Packing-4.jpg 1000w, https:\/\/detoco.com\/wp-content\/uploads\/2021\/03\/Packing-4-480x295.jpg 480w, https:\/\/detoco.com\/wp-content\/uploads\/2021\/03\/Packing-4-768x472.jpg 768w, https:\/\/detoco.com\/wp-content\/uploads\/2021\/03\/Packing-4-500x308.jpg 500w, https:\/\/detoco.com\/wp-content\/uploads\/2021\/03\/Packing-4-600x369.jpg 600w\" sizes=\"(max-width: 1000px) 100vw, 1000px\" \/><\/div><div class=\"ls-slide\" data-ls=\"duration:2000;kenburnsscale:1.2;\"><img width=\"1349\" height=\"492\" src=\"https:\/\/detoco.com\/wp-content\/uploads\/2021\/03\/Packing-1.jpg\" class=\"ls-bg\" alt=\"\" loading=\"lazy\" srcset=\"https:\/\/detoco.com\/wp-content\/uploads\/2021\/03\/Packing-1.jpg 1349w, https:\/\/detoco.com\/wp-content\/uploads\/2021\/03\/Packing-1-480x175.jpg 480w, https:\/\/detoco.com\/wp-content\/uploads\/2021\/03\/Packing-1-1024x373.jpg 1024w, https:\/\/detoco.com\/wp-content\/uploads\/2021\/03\/Packing-1-768x280.jpg 768w, https:\/\/detoco.com\/wp-content\/uploads\/2021\/03\/Packing-1-500x182.jpg 500w, https:\/\/detoco.com\/wp-content\/uploads\/2021\/03\/Packing-1-600x219.jpg 600w\" sizes=\"(max-width: 1349px) 100vw, 1349px\" \/><\/div><div class=\"ls-slide\" data-ls=\"duration:2000;kenburnsscale:1.2;\"><img width=\"1349\" height=\"492\" src=\"https:\/\/detoco.com\/wp-content\/uploads\/2021\/03\/Packing-3.jpg\" class=\"ls-bg\" alt=\"\" loading=\"lazy\" srcset=\"https:\/\/detoco.com\/wp-content\/uploads\/2021\/03\/Packing-3.jpg 1349w, https:\/\/detoco.com\/wp-content\/uploads\/2021\/03\/Packing-3-480x175.jpg 480w, https:\/\/detoco.com\/wp-content\/uploads\/2021\/03\/Packing-3-1024x373.jpg 1024w, https:\/\/detoco.com\/wp-content\/uploads\/2021\/03\/Packing-3-768x280.jpg 768w, https:\/\/detoco.com\/wp-content\/uploads\/2021\/03\/Packing-3-500x182.jpg 500w, https:\/\/detoco.com\/wp-content\/uploads\/2021\/03\/Packing-3-600x219.jpg 600w\" sizes=\"(max-width: 1349px) 100vw, 1349px\" \/><\/div><div class=\"ls-slide\" data-ls=\"duration:2000;kenburnsscale:1.2;\"><img width=\"1349\" height=\"492\" src=\"https:\/\/detoco.com\/wp-content\/uploads\/2018\/08\/ProtectiveWear-1.jpg\" class=\"ls-bg\" alt=\"\" loading=\"lazy\" srcset=\"https:\/\/detoco.com\/wp-content\/uploads\/2018\/08\/ProtectiveWear-1.jpg 1349w, https:\/\/detoco.com\/wp-content\/uploads\/2018\/08\/ProtectiveWear-1-480x175.jpg 480w, https:\/\/detoco.com\/wp-content\/uploads\/2018\/08\/ProtectiveWear-1-768x280.jpg 768w, https:\/\/detoco.com\/wp-content\/uploads\/2018\/08\/ProtectiveWear-1-1024x373.jpg 1024w, https:\/\/detoco.com\/wp-content\/uploads\/2018\/08\/ProtectiveWear-1-500x182.jpg 500w, https:\/\/detoco.com\/wp-content\/uploads\/2018\/08\/ProtectiveWear-1-600x219.jpg 600w\" sizes=\"(max-width: 1349px) 100vw, 1349px\" \/><\/div><\/div>[\/vc_column_text][\/vc_column][\/vc_row][vc_row lg_spacing=&#8221;padding_top:30&#8243; el_class=&#8221;gioithieuhome&#8221;][vc_column][tm_heading custom_google_font=&#8221;&#8221; align=&#8221;center&#8221; text_color=&#8221;secondary_color&#8221; animation=&#8221;move-up&#8221; text=&#8221;GI\u1edaI THI\u1ec6U CHUNG&#8221; typed_list=&#8221;%5B%7B%7D%5D&#8221; font_size=&#8221;lg:35&#8243; line_height=&#8221;1&#8243; css=&#8221;.vc_custom_1621392074000{margin-bottom: 20px !important;}&#8221;][vc_row_inner][vc_column_inner width=&#8221;1\/2&#8243;][tm_popup_video button_style=&#8221;2&#8243; image_size=&#8221;full&#8221; overlay_style=&#8221;&#8221; video=&#8221;https:\/\/youtu.be\/DhDKCH1iGiw&#8221; poster=&#8221;1428&#8243;][\/vc_column_inner][vc_column_inner width=&#8221;1\/2&#8243;][vc_column_text]<\/p>\n<h1>DETOCO<\/h1>\n<p>DETOCO l\u00e0 m\u1ed9t nh\u00e0 m\u00e1y \u0111\u01b0\u1ee3c \u0111\u1ea7u t\u01b0 b\u1edfi Vi\u1ec7t Nam v\u00e0 \u0110\u00e0i Loan, \u0111\u1eb7t t\u1ea1i t\u1ec9nh \u0110\u1ed3ng Nai thu\u1ed9c mi\u1ec1n Nam Vi\u1ec7t Nam, \u0111\u00e3 v\u00e0 \u0111ang ph\u1ee5c v\u1ee5 cung \u1ee9ng cho c\u00e1c nh\u00e0 nh\u1eadp kh\u1ea9u v\u00e0 ph\u00e2n ph\u1ed1i tr\u00ean to\u00e0n th\u1ebf gi\u1edbi v\u1edbi c\u00e1c s\u1ea3n ph\u1ea9m \u0111a d\u1ea1ng t\u1eeb LDPE, LLDPE HDPE, CPE v\u00e0 EVA, v\u00e0 mua ngo\u00e0i PP kh\u00f4ng d\u1ec7t, v\u1ea3i polyester, TPU v\u00e0 PVC.[\/vc_column_text][\/vc_column_inner][\/vc_row_inner][\/vc_column][\/vc_row][vc_row full_width=&#8221;stretch_row&#8221; background_color=&#8221;gradient&#8221; lg_spacing=&#8221;padding_top:30;padding_bottom:10&#8243; background_gradient=&#8221;background: -webkit-gradient(linear, left top, left bottom, color-stop(0%, #F3F5FA), color-stop(23%, #FFFFFF));background: -moz-linear-gradient(top,#F3F5FA 0%,#FFFFFF 23%);background: -webkit-linear-gradient(top,#F3F5FA 0%,#FFFFFF 23%);background: -o-linear-gradient(top,#F3F5FA 0%,#FFFFFF 23%);background: -ms-linear-gradient(top,#F3F5FA 0%,#FFFFFF 23%);background: linear-gradient(top,#F3F5FA 0%,#FFFFFF 23%);&#8221; gutter=&#8221;lg:0&#8243; el_class=&#8221;newshome&#8221;][vc_column][tm_heading custom_google_font=&#8221;&#8221; align=&#8221;center&#8221; animation=&#8221;move-up&#8221; text=&#8221;S\u1ea2N PH\u1ea8M CH\u00cdNH&#8221; typed_list=&#8221;%5B%7B%7D%5D&#8221; font_size=&#8221;lg:36&#8243; line_height=&#8221;1&#8243; css=&#8221;.vc_custom_1621392129910{margin-bottom: 30px !important;}&#8221;]<div class=\"woocommerce columns-4\"><div class=\"products row\">\n<div class=\"swiper-slide\">\n\t<div class=\"product-category product first\">\n\n\t\t<a href=\"https:\/\/detoco.com\/vi\/product-category\/medicaldivises\/\">\n\t\t<div class=\"cat-image\">\n\t\t\t<img src=\"https:\/\/detoco.com\/wp-content\/uploads\/2020\/12\/baobi-1-300x300.jpg\" alt=\"Thi\u1ebft b\u1ecb y t\u1ebf\" width=\"300\" height=\"300\" srcset=\"https:\/\/detoco.com\/wp-content\/uploads\/2020\/12\/baobi-1-300x300.jpg 300w, https:\/\/detoco.com\/wp-content\/uploads\/2020\/12\/baobi-1-480x480.jpg 480w, https:\/\/detoco.com\/wp-content\/uploads\/2020\/12\/baobi-1-500x500.jpg 500w, https:\/\/detoco.com\/wp-content\/uploads\/2020\/12\/baobi-1-100x100.jpg 100w, https:\/\/detoco.com\/wp-content\/uploads\/2020\/12\/baobi-1.jpg 587w\" sizes=\"(max-width: 300px) 100vw, 300px\" \/>\t\t<\/div>\n\t\t<div class=\"cat-text\">\n\t\t\t<div class=\"inner\">\n\t\t\t\t<h5 class=\"cat-title\">\n\t\t\t\t\tThi\u1ebft b\u1ecb y t\u1ebf\t\t\t\t<\/h5>\n\t\t\t\t<p class=\"cat-count\">\n\t\t\t\t\t10 S\u1ea3n ph\u1ea9m \t\t\t\t<\/p>\n\t\t\t\t\t\t\t<\/div>\n\t\t<\/div>\n\n\t\t<\/a>\n\t<\/div>\n<\/div>\n<div class=\"swiper-slide\">\n\t<div class=\"product-category product\">\n\n\t\t<a href=\"https:\/\/detoco.com\/vi\/product-category\/rain-gear\/\">\n\t\t<div class=\"cat-image\">\n\t\t\t<img src=\"https:\/\/detoco.com\/wp-content\/uploads\/2021\/04\/ao-mua-02-300x300.jpg\" alt=\"\u00c1o m\u01b0a\" width=\"300\" height=\"300\" srcset=\"https:\/\/detoco.com\/wp-content\/uploads\/2021\/04\/ao-mua-02.jpg 300w, https:\/\/detoco.com\/wp-content\/uploads\/2021\/04\/ao-mua-02-100x100.jpg 100w\" sizes=\"(max-width: 300px) 100vw, 300px\" \/>\t\t<\/div>\n\t\t<div class=\"cat-text\">\n\t\t\t<div class=\"inner\">\n\t\t\t\t<h5 class=\"cat-title\">\n\t\t\t\t\t\u00c1o m\u01b0a\t\t\t\t<\/h5>\n\t\t\t\t<p class=\"cat-count\">\n\t\t\t\t\t4 S\u1ea3n ph\u1ea9m \t\t\t\t<\/p>\n\t\t\t\t\t\t\t<\/div>\n\t\t<\/div>\n\n\t\t<\/a>\n\t<\/div>\n<\/div>\n<div class=\"swiper-slide\">\n\t<div class=\"product-category product\">\n\n\t\t<a href=\"https:\/\/detoco.com\/vi\/product-category\/protective-wear\/\">\n\t\t<div class=\"cat-image\">\n\t\t\t<img src=\"https:\/\/detoco.com\/wp-content\/uploads\/2018\/06\/Protectivewear.jpg\" alt=\"Trang ph\u1ee5c b\u1ea3o h\u1ed9\" width=\"300\" height=\"300\" srcset=\"https:\/\/detoco.com\/wp-content\/uploads\/2018\/06\/Protectivewear.jpg 300w, https:\/\/detoco.com\/wp-content\/uploads\/2018\/06\/Protectivewear-150x150.jpg 150w, https:\/\/detoco.com\/wp-content\/uploads\/2018\/06\/Protectivewear-100x100.jpg 100w\" sizes=\"(max-width: 300px) 100vw, 300px\" \/>\t\t<\/div>\n\t\t<div class=\"cat-text\">\n\t\t\t<div class=\"inner\">\n\t\t\t\t<h5 class=\"cat-title\">\n\t\t\t\t\tTrang ph\u1ee5c b\u1ea3o h\u1ed9\t\t\t\t<\/h5>\n\t\t\t\t<p class=\"cat-count\">\n\t\t\t\t\t5 S\u1ea3n ph\u1ea9m \t\t\t\t<\/p>\n\t\t\t\t\t\t\t<\/div>\n\t\t<\/div>\n\n\t\t<\/a>\n\t<\/div>\n<\/div>\n<div class=\"swiper-slide\">\n\t<div class=\"product-category product last\">\n\n\t\t<a href=\"https:\/\/detoco.com\/vi\/product-category\/packaging\/\">\n\t\t<div class=\"cat-image\">\n\t\t\t<img src=\"https:\/\/detoco.com\/wp-content\/uploads\/2020\/12\/zipper-300x300.jpg\" alt=\"Bao b\u00ec \u0111\u00f3ng g\u00f3i\" width=\"300\" height=\"300\" srcset=\"https:\/\/detoco.com\/wp-content\/uploads\/2020\/12\/zipper-300x300.jpg 300w, https:\/\/detoco.com\/wp-content\/uploads\/2020\/12\/zipper-480x480.jpg 480w, https:\/\/detoco.com\/wp-content\/uploads\/2020\/12\/zipper-600x600.jpg 600w, https:\/\/detoco.com\/wp-content\/uploads\/2020\/12\/zipper-500x500.jpg 500w, https:\/\/detoco.com\/wp-content\/uploads\/2020\/12\/zipper-100x100.jpg 100w, https:\/\/detoco.com\/wp-content\/uploads\/2020\/12\/zipper.jpg 663w\" sizes=\"(max-width: 300px) 100vw, 300px\" \/>\t\t<\/div>\n\t\t<div class=\"cat-text\">\n\t\t\t<div class=\"inner\">\n\t\t\t\t<h5 class=\"cat-title\">\n\t\t\t\t\tBao b\u00ec \u0111\u00f3ng g\u00f3i\t\t\t\t<\/h5>\n\t\t\t\t<p class=\"cat-count\">\n\t\t\t\t\t8 S\u1ea3n ph\u1ea9m \t\t\t\t<\/p>\n\t\t\t\t\t\t\t<\/div>\n\t\t<\/div>\n\n\t\t<\/a>\n\t<\/div>\n<\/div>\n<\/div>\n<\/div>[\/vc_column][\/vc_row][vc_row full_width=&#8221;stretch_row&#8221; background_color=&#8221;gradient&#8221; lg_spacing=&#8221;padding_top:30;padding_bottom:10&#8243; background_gradient=&#8221;background: -webkit-gradient(linear, left top, left bottom, color-stop(0%, #F3F5FA), color-stop(23%, #FFFFFF));background: -moz-linear-gradient(top,#F3F5FA 0%,#FFFFFF 23%);background: -webkit-linear-gradient(top,#F3F5FA 0%,#FFFFFF 23%);background: -o-linear-gradient(top,#F3F5FA 0%,#FFFFFF 23%);background: -ms-linear-gradient(top,#F3F5FA 0%,#FFFFFF 23%);background: linear-gradient(top,#F3F5FA 0%,#FFFFFF 23%);&#8221; gutter=&#8221;lg:0&#8243; el_class=&#8221;newshome&#8221;][vc_column][tm_heading custom_google_font=&#8221;&#8221; align=&#8221;center&#8221; animation=&#8221;move-up&#8221; text=&#8221;CH\u1ee8NG NH\u1eacN CH\u1ea4T L\u01af\u1ee2NG&#8221; typed_list=&#8221;%5B%7B%7D%5D&#8221; font_size=&#8221;lg:36&#8243; line_height=&#8221;1&#8243; css=&#8221;.vc_custom_1621392153243{margin-bottom: 30px !important;}&#8221;][\/vc_column][\/vc_row][vc_row][vc_column width=&#8221;1\/5&#8243;][vc_single_image image=&#8221;2958&#8243; img_size=&#8221;300&#215;300&#8243; onclick=&#8221;custom_link&#8221; link=&#8221;https:\/\/detoco.com\/vi\/iso-13485-2016\/&#8221;][vc_column_text]<\/p>\n<p style=\"text-align: center;\"><a href=\"https:\/\/detoco.com\/vi\/iso-13485-2016\/\"><strong>ISO 13485: 2016<\/strong><\/a><\/p>\n<p>[\/vc_column_text][\/vc_column][vc_column width=&#8221;1\/5&#8243;][vc_single_image image=&#8221;2959&#8243; img_size=&#8221;300&#215;300&#8243; onclick=&#8221;custom_link&#8221; link=&#8221;https:\/\/detoco.com\/vi\/check-test-results-1\/&#8221;][vc_column_text]<\/p>\n<p style=\"text-align: center;\"><strong><a href=\"https:\/\/detoco.com\/vi\/check-test-results-1\/\">Bao b\u00ec th\u1ef1c ph\u1ea9m<\/a><\/strong><\/p>\n<p>[\/vc_column_text][\/vc_column][vc_column width=&#8221;1\/5&#8243;][vc_single_image image=&#8221;2964&#8243; img_size=&#8221;300&#215;300&#8243; onclick=&#8221;custom_link&#8221; link=&#8221;https:\/\/detoco.com\/vi\/pegloves\/&#8221;][vc_column_text]<\/p>\n<p style=\"text-align: center;\"><a href=\"https:\/\/detoco.com\/vi\/pegloves\/\"><strong>Bao tay PE<\/strong><\/a><\/p>\n<p>[\/vc_column_text][\/vc_column][vc_column width=&#8221;1\/5&#8243;][vc_single_image image=&#8221;2574&#8243; img_size=&#8221;300&#215;300&#8243; onclick=&#8221;custom_link&#8221; link=&#8221;https:\/\/detoco.com\/vi\/zipperbags\/&#8221;][vc_column_text]<\/p>\n<p style=\"text-align: center;\"><a href=\"https:\/\/detoco.com\/vi\/zipperbags\/\"><strong>T\u00fai Zipper<\/strong><\/a><\/p>\n<p>[\/vc_column_text][\/vc_column][vc_column width=&#8221;1\/5&#8243;][vc_single_image image=&#8221;2973&#8243; img_size=&#8221;300&#215;300&#8243; onclick=&#8221;custom_link&#8221; link=&#8221;https:\/\/detoco.com\/vi\/fda-cfr-21-part-820\/&#8221;][vc_column_text]<\/p>\n<p style=\"text-align: center;\"><a href=\"https:\/\/detoco.com\/vi\/fda-cfr-21-part-820\/\"><strong>FDA CFR 21 Part 820<\/strong><\/a><\/p>\n<p>[\/vc_column_text][\/vc_column][\/vc_row]<\/p>\n","protected":false},"excerpt":{"rendered":"[vc_row full_width=&#8221;stretch_row_content_no_spaces&#8221; lg_spacing=&#8221;margin_bottom:-35&#8243;][vc_column][vc_column_text][\/vc_column_text][\/vc_column][\/vc_row][vc_row lg_spacing=&#8221;padding_top:30&#8243; el_class=&#8221;gioithieuhome&#8221;][vc_column][tm_heading custom_google_font=&#8221;&#8221; align=&#8221;center&#8221; text_color=&#8221;secondary_color&#8221; animation=&#8221;move-up&#8221; text=&#8221;GI\u1edaI THI\u1ec6U CHUNG&#8221; typed_list=&#8221;%5B%7B%7D%5D&#8221; font_size=&#8221;lg:35&#8243; line_height=&#8221;1&#8243; css=&#8221;.vc_custom_1621392074000{margin-bottom: 20px !important;}&#8221;][vc_row_inner][vc_column_inner width=&#8221;1\/2&#8243;][tm_popup_video button_style=&#8221;2&#8243; image_size=&#8221;full&#8221; overlay_style=&#8221;&#8221; video=&#8221;https:\/\/youtu.be\/DhDKCH1iGiw&#8221; poster=&#8221;1428&#8243;][\/vc_column_inner][vc_column_inner width=&#8221;1\/2&#8243;][vc_column_text] DETOCO DETOCO l\u00e0 m\u1ed9t nh\u00e0 m\u00e1y \u0111\u01b0\u1ee3c \u0111\u1ea7u t\u01b0 b\u1edfi Vi\u1ec7t Nam v\u00e0 \u0110\u00e0i Loan, \u0111\u1eb7t t\u1ea1i t\u1ec9nh \u0110\u1ed3ng Nai thu\u1ed9c mi\u1ec1n Nam Vi\u1ec7t Nam, \u0111\u00e3 v\u00e0 \u0111ang ph\u1ee5c v\u1ee5 cung \u1ee9ng cho c\u00e1c nh\u00e0 nh\u1eadp kh\u1ea9u v\u00e0 ph\u00e2n ph\u1ed1i tr\u00ean to\u00e0n th\u1ebf gi\u1edbi v\u1edbi c\u00e1c s\u1ea3n ph\u1ea9m \u0111a d\u1ea1ng t\u1eeb LDPE, LLDPE HDPE, CPE v\u00e0 EVA, v\u00e0 mua ngo\u00e0i PP kh\u00f4ng d\u1ec7t, v\u1ea3i polyester, TPU v\u00e0 PVC.[\/vc_column_text][\/vc_column_inner][\/vc_row_inner][\/vc_column][\/vc_row][vc_row full_width=&#8221;stretch_row&#8221; background_color=&#8221;gradient&#8221; lg_spacing=&#8221;padding_top:30;padding_bottom:10&#8243; background_gradient=&#8221;background: -webkit-gradient(linear, left top, left bottom, color-stop(0%, #F3F5FA), color-stop(23%, #FFFFFF));background: -moz-linear-gradient(top,#F3F5FA 0%,#FFFFFF 23%);background: -webkit-linear-gradient(top,#F3F5FA 0%,#FFFFFF 23%);background: -o-linear-gradient(top,#F3F5FA 0%,#FFFFFF 23%);background: -ms-linear-gradient(top,#F3F5FA 0%,#FFFFFF 23%);background: linear-gradient(top,#F3F5FA 0%,#FFFFFF 23%);&#8221; gutter=&#8221;lg:0&#8243; el_class=&#8221;newshome&#8221;][vc_column][tm_heading custom_google_font=&#8221;&#8221; align=&#8221;center&#8221; animation=&#8221;move-up&#8221; text=&#8221;S\u1ea2N PH\u1ea8M CH\u00cdNH&#8221; typed_list=&#8221;%5B%7B%7D%5D&#8221; font_size=&#8221;lg:36&#8243; line_height=&#8221;1&#8243; css=&#8221;.vc_custom_1621392129910{margin-bottom: 30px !important;}&#8221;][\/vc_column][\/vc_row][vc_row full_width=&#8221;stretch_row&#8221; background_color=&#8221;gradient&#8221; lg_spacing=&#8221;padding_top:30;padding_bottom:10&#8243; background_gradient=&#8221;background: -webkit-gradient(linear, left top, left bottom, color-stop(0%, #F3F5FA), color-stop(23%, #FFFFFF));background: -moz-linear-gradient(top,#F3F5FA 0%,#FFFFFF 23%);background: -webkit-linear-gradient(top,#F3F5FA 0%,#FFFFFF 23%);background: -o-linear-gradient(top,#F3F5FA 0%,#FFFFFF 23%);background: -ms-linear-gradient(top,#F3F5FA 0%,#FFFFFF 23%);background: linear-gradient(top,#F3F5FA 0%,#FFFFFF 23%);&#8221; gutter=&#8221;lg:0&#8243; el_class=&#8221;newshome&#8221;][vc_column][tm_heading custom_google_font=&#8221;&#8221; align=&#8221;center&#8221; animation=&#8221;move-up&#8221; text=&#8221;CH\u1ee8NG NH\u1eacN CH\u1ea4T L\u01af\u1ee2NG&#8221; typed_list=&#8221;%5B%7B%7D%5D&#8221; font_size=&#8221;lg:36&#8243; line_height=&#8221;1&#8243; css=&#8221;.vc_custom_1621392153243{margin-bottom: 30px !important;}&#8221;][\/vc_column][\/vc_row][vc_row][vc_column width=&#8221;1\/5&#8243;][vc_single_image image=&#8221;2958&#8243; img_size=&#8221;300&#215;300&#8243; onclick=&#8221;custom_link&#8221; link=&#8221;https:\/\/detoco.com\/vi\/iso-13485-2016\/&#8221;][vc_column_text] ISO 13485: 2016 [\/vc_column_text][\/vc_column][vc_column width=&#8221;1\/5&#8243;][vc_single_image image=&#8221;2959&#8243; img_size=&#8221;300&#215;300&#8243; onclick=&#8221;custom_link&#8221; link=&#8221;https:\/\/detoco.com\/vi\/check-test-results-1\/&#8221;][vc_column_text] Bao b\u00ec th\u1ef1c ph\u1ea9m [\/vc_column_text][\/vc_column][vc_column width=&#8221;1\/5&#8243;][vc_single_image image=&#8221;2964&#8243; img_size=&#8221;300&#215;300&#8243; onclick=&#8221;custom_link&#8221; link=&#8221;https:\/\/detoco.com\/vi\/pegloves\/&#8221;][vc_column_text] Bao tay PE [\/vc_column_text][\/vc_column][vc_column width=&#8221;1\/5&#8243;][vc_single_image image=&#8221;2574&#8243; img_size=&#8221;300&#215;300&#8243; onclick=&#8221;custom_link&#8221; link=&#8221;https:\/\/detoco.com\/vi\/zipperbags\/&#8221;][vc_column_text] T\u00fai Zipper [\/vc_column_text][\/vc_column][vc_column width=&#8221;1\/5&#8243;][vc_single_image image=&#8221;2973&#8243; img_size=&#8221;300&#215;300&#8243; onclick=&#8221;custom_link&#8221; link=&#8221;https:\/\/detoco.com\/vi\/fda-cfr-21-part-820\/&#8221;][vc_column_text] FDA CFR 21 Part 820 [\/vc_column_text][\/vc_column][\/vc_row]","protected":false},"author":1,"featured_media":0,"parent":0,"menu_order":0,"comment_status":"closed","ping_status":"closed","template":"","meta":[],"_links":{"self":[{"href":"https:\/\/detoco.com\/vi\/wp-json\/wp\/v2\/pages\/972"}],"collection":[{"href":"https:\/\/detoco.com\/vi\/wp-json\/wp\/v2\/pages"}],"about":[{"href":"https:\/\/detoco.com\/vi\/wp-json\/wp\/v2\/types\/page"}],"author":[{"embeddable":true,"href":"https:\/\/detoco.com\/vi\/wp-json\/wp\/v2\/users\/1"}],"replies":[{"embeddable":true,"href":"https:\/\/detoco.com\/vi\/wp-json\/wp\/v2\/comments?post=972"}],"version-history":[{"count":344,"href":"https:\/\/detoco.com\/vi\/wp-json\/wp\/v2\/pages\/972\/revisions"}],"predecessor-version":[{"id":1849,"href":"https:\/\/detoco.com\/vi\/wp-json\/wp\/v2\/pages\/972\/revisions\/1849"}],"wp:attachment":[{"href":"https:\/\/detoco.com\/vi\/wp-json\/wp\/v2\/media?parent=972"}],"curies":[{"name":"wp","href":"https:\/\/api.w.org\/{rel}","templated":true}]}}