{"id":1301,"date":"2017-10-20T03:37:16","date_gmt":"2017-10-20T03:37:16","guid":{"rendered":"http:\/\/viet.local\/construct\/?post_type=product&#038;p=844"},"modified":"2024-06-11T01:31:54","modified_gmt":"2024-06-11T01:31:54","slug":"ldpe-hdpe-cpe-eva-rain-ponchos","status":"publish","type":"product","link":"https:\/\/detoco.com\/vi\/product\/ldpe-hdpe-cpe-eva-rain-ponchos\/","title":{"rendered":"\u00c1o m\u01b0a ti\u1ec7n l\u1ee3i LDPE \/ HDPE \/ CPE \/ EVA"},"content":{"rendered":"<p>\u00c1o m\u01b0a ti\u1ec7n l\u1ee3i LDPE \/ HDPE \/ CPE \/ EVA c\u00f3 n\u00f3n, d\u00e2y r\u00fat v\u00e0 in \u1ea5n theo y\u00eau c\u1ea7u.<br \/>\nS\u1ea3n ph\u1ea9m c\u00f3 th\u1ec3 \u0111\u01b0\u1ee3c s\u1ea3n xu\u1ea5t v\u1edbi nhi\u1ec1u m\u00e0u s\u1eafc, \u0111\u1ed9 d\u00e0y v\u00e0 k\u00edch c\u1ee1 kh\u00e1c nhau t\u00f9y theo y\u00eau c\u1ea7u.<\/p>\n","protected":false},"excerpt":{"rendered":"\u00c1o m\u01b0a ti\u1ec7n l\u1ee3i LDPE \/ HDPE \/ CPE \/ EVA c\u00f3 n\u00f3n, d\u00e2y r\u00fat v\u00e0 in \u1ea5n theo y\u00eau c\u1ea7u.\r\nS\u1ea3n ph\u1ea9m c\u00f3 th\u1ec3 \u0111\u01b0\u1ee3c s\u1ea3n xu\u1ea5t v\u1edbi nhi\u1ec1u m\u00e0u s\u1eafc, \u0111\u1ed9 d\u00e0y v\u00e0 k\u00edch c\u1ee1 kh\u00e1c nhau t\u00f9y theo y\u00eau c\u1ea7u.","protected":false},"featured_media":1616,"template":"","meta":[],"_links":{"self":[{"href":"https:\/\/detoco.com\/vi\/wp-json\/wp\/v2\/product\/1301"}],"collection":[{"href":"https:\/\/detoco.com\/vi\/wp-json\/wp\/v2\/product"}],"about":[{"href":"https:\/\/detoco.com\/vi\/wp-json\/wp\/v2\/types\/product"}],"wp:featuredmedia":[{"embeddable":true,"href":"https:\/\/detoco.com\/vi\/wp-json\/wp\/v2\/media\/1616"}],"wp:attachment":[{"href":"https:\/\/detoco.com\/vi\/wp-json\/wp\/v2\/media?parent=1301"}],"curies":[{"name":"wp","href":"https:\/\/api.w.org\/{rel}","templated":true}]}}