{"id":1506,"date":"2018-06-22T03:41:51","date_gmt":"2018-06-22T03:41:51","guid":{"rendered":"https:\/\/costomer.wacontre.com\/detoco\/?post_type=product&#038;p=1506"},"modified":"2018-10-13T08:55:30","modified_gmt":"2018-10-13T08:55:30","slug":"peva-eva-rainsuit","status":"publish","type":"product","link":"https:\/\/detoco.com\/vi\/product\/peva-eva-rainsuit\/","title":{"rendered":"\u00c1o m\u01b0a b\u1ed9 PEVA \/ EVA"},"content":{"rendered":"<p>\u00c1o m\u01b0a b\u1ed9 PEVA \/ EVA g\u1ed3m c\u00f3 \u00e1o m\u01b0a + qu\u1ea7n m\u01b0a.<br \/>\nS\u1ea3n ph\u1ea9m s\u1eed d\u1ee5ng th\u00edch h\u1ee3p nh\u1ea5t cho c\u00e1c ho\u1ea1t \u0111\u1ed9ng ngo\u00e0i tr\u1eddi.<br \/>\nS\u1ea3n ph\u1ea9m c\u00f3 th\u1ec3 \u0111\u01b0\u1ee3c s\u1ea3n xu\u1ea5t v\u1edbi c\u00e1c m\u00e0u s\u1eafc, \u0111\u1ed9 d\u00e0y v\u00e0 k\u00edch c\u1ee1 kh\u00e1c nhau t\u00f9y theo y\u00eau c\u1ea7u.<\/p>\n","protected":false},"excerpt":{"rendered":"\u00c1o m\u01b0a b\u1ed9 PEVA \/ EVA g\u1ed3m c\u00f3 \u00e1o m\u01b0a + qu\u1ea7n m\u01b0a.\r\nS\u1ea3n ph\u1ea9m s\u1eed d\u1ee5ng th\u00edch h\u1ee3p nh\u1ea5t cho c\u00e1c ho\u1ea1t \u0111\u1ed9ng ngo\u00e0i tr\u1eddi.\r\nS\u1ea3n ph\u1ea9m c\u00f3 th\u1ec3 \u0111\u01b0\u1ee3c s\u1ea3n xu\u1ea5t v\u1edbi c\u00e1c m\u00e0u s\u1eafc, \u0111\u1ed9 d\u00e0y v\u00e0 k\u00edch c\u1ee1 kh\u00e1c nhau t\u00f9y theo y\u00eau c\u1ea7u.","protected":false},"featured_media":1627,"template":"","meta":[],"_links":{"self":[{"href":"https:\/\/detoco.com\/vi\/wp-json\/wp\/v2\/product\/1506"}],"collection":[{"href":"https:\/\/detoco.com\/vi\/wp-json\/wp\/v2\/product"}],"about":[{"href":"https:\/\/detoco.com\/vi\/wp-json\/wp\/v2\/types\/product"}],"wp:featuredmedia":[{"embeddable":true,"href":"https:\/\/detoco.com\/vi\/wp-json\/wp\/v2\/media\/1627"}],"wp:attachment":[{"href":"https:\/\/detoco.com\/vi\/wp-json\/wp\/v2\/media?parent=1506"}],"curies":[{"name":"wp","href":"https:\/\/api.w.org\/{rel}","templated":true}]}}