{"id":1512,"date":"2018-06-22T04:06:30","date_gmt":"2018-06-22T04:06:30","guid":{"rendered":"https:\/\/costomer.wacontre.com\/detoco\/?post_type=product&#038;p=1512"},"modified":"2018-10-13T08:53:39","modified_gmt":"2018-10-13T08:53:39","slug":"disposable-food-safe-eva-ldpe-cpe-aprons","status":"publish","type":"product","link":"https:\/\/detoco.com\/vi\/product\/disposable-food-safe-eva-ldpe-cpe-aprons\/","title":{"rendered":"T\u1ea1p d\u1ec1 LDPE \/ HDPE"},"content":{"rendered":"<p>T\u1ea1p d\u1ec1 LDPE\/ HDPE s\u1eed d\u1ee5ng m\u1ed9t l\u1ea7n, \u0111\u00e1p \u1ee9ng ti\u00eau chu\u1ea9n an to\u00e0n th\u1ef1c ph\u1ea9m.<br \/>\nS\u1ea3n ph\u1ea9m c\u00f3 th\u1ec3 g\u1ea5p nh\u1ecf l\u1ea1i mang theo b\u00ean ng\u01b0\u1eddi.<br \/>\nS\u1ea3n ph\u1ea9m c\u00f3 th\u1ec3 \u0111\u01b0\u1ee3c s\u1ea3n xu\u1ea5t v\u1edbi c\u00e1c m\u00e0u s\u1eafc, \u0111\u1ed9 d\u00e0y v\u00e0 k\u00edch c\u1ee1 kh\u00e1c nhau t\u00f9y theo y\u00eau c\u1ea7u.<\/p>\n","protected":false},"excerpt":{"rendered":"T\u1ea1p d\u1ec1 LDPE\/ HDPE s\u1eed d\u1ee5ng m\u1ed9t l\u1ea7n, \u0111\u00e1p \u1ee9ng ti\u00eau chu\u1ea9n an to\u00e0n th\u1ef1c ph\u1ea9m.\r\nS\u1ea3n ph\u1ea9m c\u00f3 th\u1ec3 g\u1ea5p nh\u1ecf l\u1ea1i mang theo b\u00ean ng\u01b0\u1eddi.\r\nS\u1ea3n ph\u1ea9m c\u00f3 th\u1ec3 \u0111\u01b0\u1ee3c s\u1ea3n xu\u1ea5t v\u1edbi c\u00e1c m\u00e0u s\u1eafc, \u0111\u1ed9 d\u00e0y v\u00e0 k\u00edch c\u1ee1 kh\u00e1c nhau t\u00f9y theo y\u00eau c\u1ea7u.","protected":false},"featured_media":1631,"template":"","meta":[],"_links":{"self":[{"href":"https:\/\/detoco.com\/vi\/wp-json\/wp\/v2\/product\/1512"}],"collection":[{"href":"https:\/\/detoco.com\/vi\/wp-json\/wp\/v2\/product"}],"about":[{"href":"https:\/\/detoco.com\/vi\/wp-json\/wp\/v2\/types\/product"}],"wp:featuredmedia":[{"embeddable":true,"href":"https:\/\/detoco.com\/vi\/wp-json\/wp\/v2\/media\/1631"}],"wp:attachment":[{"href":"https:\/\/detoco.com\/vi\/wp-json\/wp\/v2\/media?parent=1512"}],"curies":[{"name":"wp","href":"https:\/\/api.w.org\/{rel}","templated":true}]}}