{"id":1514,"date":"2018-06-22T04:09:00","date_gmt":"2018-06-22T04:09:00","guid":{"rendered":"https:\/\/costomer.wacontre.com\/detoco\/?post_type=product&#038;p=1514"},"modified":"2024-06-11T01:24:36","modified_gmt":"2024-06-11T01:24:36","slug":"peva-cpe-gowns","status":"publish","type":"product","link":"https:\/\/detoco.com\/vi\/product\/peva-cpe-gowns\/","title":{"rendered":"\u00c1o cho\u00e0ng PEVA \/ CPE"},"content":{"rendered":"<p>\u00c1o cho\u00e0ng PEVA \/ CPE d\u00f9ng m\u1ed9t l\u1ea7n, \u0111\u00e1p \u1ee9ng ti\u00eau chu\u1ea9n an to\u00e0n th\u1ef1c ph\u1ea9m.<br \/>\nS\u1ea3n ph\u1ea9m c\u00f3 th\u1ec3 \u0111\u01b0\u1ee3c s\u1ea3n xu\u1ea5t v\u1edbi d\u00e2y thun ho\u1eb7c v\u00f2ng qua ng\u00f3n tay c\u00e1i.<br \/>\nTh\u00edch h\u1ee3p s\u1eed d\u1ee5ng trong ki\u1ec3m tra, ch\u0103m s\u00f3c, v\u1ec7 sinh, ph\u00f2ng th\u00ed nghi\u1ec7m, ng\u00e0nh c\u00f4ng nghi\u1ec7p.<\/p>\n","protected":false},"excerpt":{"rendered":"\u00c1o cho\u00e0ng PEVA \/ CPE d\u00f9ng m\u1ed9t l\u1ea7n, \u0111\u00e1p \u1ee9ng ti\u00eau chu\u1ea9n an to\u00e0n th\u1ef1c ph\u1ea9m.\r\nS\u1ea3n ph\u1ea9m c\u00f3 th\u1ec3 \u0111\u01b0\u1ee3c s\u1ea3n xu\u1ea5t v\u1edbi d\u00e2y thun ho\u1eb7c v\u00f2ng qua ng\u00f3n tay c\u00e1i.\r\nTh\u00edch h\u1ee3p s\u1eed d\u1ee5ng trong ki\u1ec3m tra, ch\u0103m s\u00f3c, v\u1ec7 sinh, ph\u00f2ng th\u00ed nghi\u1ec7m, ng\u00e0nh c\u00f4ng nghi\u1ec7p.","protected":false},"featured_media":1628,"template":"","meta":[],"_links":{"self":[{"href":"https:\/\/detoco.com\/vi\/wp-json\/wp\/v2\/product\/1514"}],"collection":[{"href":"https:\/\/detoco.com\/vi\/wp-json\/wp\/v2\/product"}],"about":[{"href":"https:\/\/detoco.com\/vi\/wp-json\/wp\/v2\/types\/product"}],"wp:featuredmedia":[{"embeddable":true,"href":"https:\/\/detoco.com\/vi\/wp-json\/wp\/v2\/media\/1628"}],"wp:attachment":[{"href":"https:\/\/detoco.com\/vi\/wp-json\/wp\/v2\/media?parent=1514"}],"curies":[{"name":"wp","href":"https:\/\/api.w.org\/{rel}","templated":true}]}}