{"id":1707,"date":"2018-08-08T09:32:23","date_gmt":"2018-08-08T09:32:23","guid":{"rendered":"https:\/\/costomer.wacontre.com\/detoco\/?post_type=product&#038;p=1707"},"modified":"2018-10-13T09:27:36","modified_gmt":"2018-10-13T09:27:36","slug":"bao-trum-canh-tay-peva-ldpe-cpe","status":"publish","type":"product","link":"https:\/\/detoco.com\/vi\/product\/bao-trum-canh-tay-peva-ldpe-cpe\/","title":{"rendered":"Bao tr\u00f9m c\u00e1nh tay PEVA \/ LDPE \/ CPE"},"content":{"rendered":"<p>Bao tr\u00f9m c\u00e1nh tay PEVA \/ LDPE \/ CPE v\u1edbi \u0111\u1ed9 \u0111\u00e0n h\u1ed3i \u1edf c\u1ea3 hai \u0111\u1ea7u cung c\u1ea5p s\u1ef1 v\u1eeba v\u1eb7n tho\u1ea3i m\u00e1i tr\u00ean c\u00e1nh tay. Gi\u1eef tay \u00e1o c\u1ee7a b\u1ea1n s\u1ea1ch s\u1ebd.<br \/>\nS\u1ea3n ph\u1ea9m th\u00edch h\u1ee3p cho ng\u00e0nh c\u00f4ng nghi\u1ec7p y t\u1ebf v\u00e0 d\u01b0\u1ee3c ph\u1ea9m, ch\u1ebf bi\u1ebfn th\u1ef1c ph\u1ea9m, s\u1ea3n xu\u1ea5t, x\u00e2y d\u1ef1ng v\u00e0 c\u00e1c \u1ee9ng d\u1ee5ng v\u1ec7 sinh.<br \/>\nS\u1ea3n ph\u1ea9m c\u00f3 th\u1ec3 \u0111\u01b0\u1ee3c s\u1ea3n xu\u1ea5t v\u1edbi c\u00e1c m\u00e0u s\u1eafc, \u0111\u1ed9 d\u00e0y v\u00e0 k\u00edch c\u1ee1 kh\u00e1c nhau t\u00f9y theo y\u00eau c\u1ea7u.<\/p>\n","protected":false},"excerpt":{"rendered":"Bao tr\u00f9m c\u00e1nh tay PEVA \/ LDPE \/ CPE v\u1edbi \u0111\u1ed9 \u0111\u00e0n h\u1ed3i \u1edf c\u1ea3 hai \u0111\u1ea7u cung c\u1ea5p s\u1ef1 v\u1eeba v\u1eb7n tho\u1ea3i m\u00e1i tr\u00ean c\u00e1nh tay. Gi\u1eef tay \u00e1o c\u1ee7a b\u1ea1n s\u1ea1ch s\u1ebd.\r\nS\u1ea3n ph\u1ea9m th\u00edch h\u1ee3p cho ng\u00e0nh c\u00f4ng nghi\u1ec7p y t\u1ebf v\u00e0 d\u01b0\u1ee3c ph\u1ea9m, ch\u1ebf bi\u1ebfn th\u1ef1c ph\u1ea9m, s\u1ea3n xu\u1ea5t, x\u00e2y d\u1ef1ng v\u00e0 c\u00e1c \u1ee9ng d\u1ee5ng v\u1ec7 sinh.\r\nS\u1ea3n ph\u1ea9m c\u00f3 th\u1ec3 \u0111\u01b0\u1ee3c s\u1ea3n xu\u1ea5t v\u1edbi c\u00e1c m\u00e0u s\u1eafc, \u0111\u1ed9 d\u00e0y v\u00e0 k\u00edch c\u1ee1 kh\u00e1c nhau t\u00f9y theo y\u00eau c\u1ea7u.","protected":false},"featured_media":1625,"template":"","meta":[],"_links":{"self":[{"href":"https:\/\/detoco.com\/vi\/wp-json\/wp\/v2\/product\/1707"}],"collection":[{"href":"https:\/\/detoco.com\/vi\/wp-json\/wp\/v2\/product"}],"about":[{"href":"https:\/\/detoco.com\/vi\/wp-json\/wp\/v2\/types\/product"}],"wp:featuredmedia":[{"embeddable":true,"href":"https:\/\/detoco.com\/vi\/wp-json\/wp\/v2\/media\/1625"}],"wp:attachment":[{"href":"https:\/\/detoco.com\/vi\/wp-json\/wp\/v2\/media?parent=1707"}],"curies":[{"name":"wp","href":"https:\/\/api.w.org\/{rel}","templated":true}]}}