{"id":1708,"date":"2018-08-08T09:35:40","date_gmt":"2018-08-08T09:35:40","guid":{"rendered":"https:\/\/costomer.wacontre.com\/detoco\/ja\/?post_type=product&#038;p=1708"},"modified":"2018-10-13T08:47:02","modified_gmt":"2018-10-13T08:47:02","slug":"%e3%82%b7%e3%83%a7%e3%83%bc%e3%83%84","status":"publish","type":"product","link":"https:\/\/detoco.com\/vi\/product\/%e3%82%b7%e3%83%a7%e3%83%bc%e3%83%84\/","title":{"rendered":"Qu\u1ea7n l\u00f3t ti\u1ec7n l\u1ee3i"},"content":{"rendered":"<p>Qu\u1ea7n l\u00f3t ti\u1ec7n l\u1ee3i s\u1eed d\u1ee5ng m\u1ed9t l\u1ea7n, \u0111\u01b0\u1ee3c l\u00e0m t\u1eeb cotton\/ polyester \/ PP kh\u00f4ng d\u1ec7t.<br \/>\nS\u1ea3n ph\u1ea9m c\u00f3 th\u1ec3 \u0111\u01b0\u1ee3c s\u1ea3n xu\u1ea5t t\u1eeb c\u00e1c lo\u1ea1i v\u1ea3i kh\u00e1c nhau t\u00f9y theo y\u00eau c\u1ea7u.<\/p>\n","protected":false},"excerpt":{"rendered":"Qu\u1ea7n l\u00f3t ti\u1ec7n l\u1ee3i s\u1eed d\u1ee5ng m\u1ed9t l\u1ea7n, \u0111\u01b0\u1ee3c l\u00e0m t\u1eeb cotton\/ polyester \/ PP kh\u00f4ng d\u1ec7t.\r\nS\u1ea3n ph\u1ea9m c\u00f3 th\u1ec3 \u0111\u01b0\u1ee3c s\u1ea3n xu\u1ea5t t\u1eeb c\u00e1c lo\u1ea1i v\u1ea3i kh\u00e1c nhau t\u00f9y theo y\u00eau c\u1ea7u.","protected":false},"featured_media":1711,"template":"","meta":[],"_links":{"self":[{"href":"https:\/\/detoco.com\/vi\/wp-json\/wp\/v2\/product\/1708"}],"collection":[{"href":"https:\/\/detoco.com\/vi\/wp-json\/wp\/v2\/product"}],"about":[{"href":"https:\/\/detoco.com\/vi\/wp-json\/wp\/v2\/types\/product"}],"wp:featuredmedia":[{"embeddable":true,"href":"https:\/\/detoco.com\/vi\/wp-json\/wp\/v2\/media\/1711"}],"wp:attachment":[{"href":"https:\/\/detoco.com\/vi\/wp-json\/wp\/v2\/media?parent=1708"}],"curies":[{"name":"wp","href":"https:\/\/api.w.org\/{rel}","templated":true}]}}