{"id":1919,"date":"2020-11-25T06:57:02","date_gmt":"2020-11-25T06:57:02","guid":{"rendered":"https:\/\/detoco.com\/vi\/?post_type=product&#038;p=1919"},"modified":"2020-12-08T09:30:53","modified_gmt":"2020-12-08T09:30:53","slug":"tui-day-keo-ldpe","status":"publish","type":"product","link":"https:\/\/detoco.com\/vi\/product\/tui-day-keo-ldpe\/","title":{"rendered":"T\u00fai d\u00e2y k\u00e9o ti\u00eau chu\u1ea9n"},"content":{"rendered":"<p>T\u00fai d\u00e2y k\u00e9o LDPE c\u00f3 th\u1ec3 t\u00e1i s\u1eed d\u1ee5ng, an to\u00e0n \u0111\u1ec3 ti\u1ebfp x\u00fac v\u1edbi th\u1ef1c ph\u1ea9m. S\u1ea3n ph\u1ea9m c\u00f3 th\u1ec3 \u0111\u01b0\u1ee3c s\u1ea3n xu\u1ea5t v\u1edbi c\u00e1c \u0111\u1ed9 d\u00e0y, m\u00e0u s\u1eafc kh\u00e1c nhau theo y\u00eau c\u1ea7u kh\u00e1ch h\u00e0ng.<\/p>\n","protected":false},"excerpt":{"rendered":"T\u00fai d\u00e2y k\u00e9o LDPE c\u00f3 th\u1ec3 t\u00e1i s\u1eed d\u1ee5ng, an to\u00e0n \u0111\u1ec3 ti\u1ebfp x\u00fac v\u1edbi th\u1ef1c ph\u1ea9m. S\u1ea3n ph\u1ea9m c\u00f3 th\u1ec3 \u0111\u01b0\u1ee3c s\u1ea3n xu\u1ea5t v\u1edbi c\u00e1c \u0111\u1ed9 d\u00e0y, m\u00e0u s\u1eafc kh\u00e1c nhau theo y\u00eau c\u1ea7u kh\u00e1ch h\u00e0ng.","protected":false},"featured_media":1999,"template":"","meta":[],"_links":{"self":[{"href":"https:\/\/detoco.com\/vi\/wp-json\/wp\/v2\/product\/1919"}],"collection":[{"href":"https:\/\/detoco.com\/vi\/wp-json\/wp\/v2\/product"}],"about":[{"href":"https:\/\/detoco.com\/vi\/wp-json\/wp\/v2\/types\/product"}],"wp:featuredmedia":[{"embeddable":true,"href":"https:\/\/detoco.com\/vi\/wp-json\/wp\/v2\/media\/1999"}],"wp:attachment":[{"href":"https:\/\/detoco.com\/vi\/wp-json\/wp\/v2\/media?parent=1919"}],"curies":[{"name":"wp","href":"https:\/\/api.w.org\/{rel}","templated":true}]}}