{"id":1931,"date":"2020-11-25T08:32:55","date_gmt":"2020-11-25T08:32:55","guid":{"rendered":"https:\/\/detoco.com\/vi\/?post_type=product&#038;p=1931"},"modified":"2020-11-26T09:56:15","modified_gmt":"2020-11-26T09:56:15","slug":"tui-day-keo-co-in","status":"publish","type":"product","link":"https:\/\/detoco.com\/vi\/product\/tui-day-keo-co-in\/","title":{"rendered":"T\u00fai d\u00e2y k\u00e9o c\u00f3 in"},"content":{"rendered":"<p>T\u00fai d\u00e2y k\u00e9o c\u00f3 in: c\u00f3 th\u1ec3 in l\u00ean \u0111\u1ebfn 6 m\u00e0u<\/p>\n","protected":false},"excerpt":{"rendered":"T\u00fai d\u00e2y k\u00e9o c\u00f3 in: c\u00f3 th\u1ec3 in l\u00ean \u0111\u1ebfn 6 m\u00e0u","protected":false},"featured_media":1998,"template":"","meta":[],"_links":{"self":[{"href":"https:\/\/detoco.com\/vi\/wp-json\/wp\/v2\/product\/1931"}],"collection":[{"href":"https:\/\/detoco.com\/vi\/wp-json\/wp\/v2\/product"}],"about":[{"href":"https:\/\/detoco.com\/vi\/wp-json\/wp\/v2\/types\/product"}],"wp:featuredmedia":[{"embeddable":true,"href":"https:\/\/detoco.com\/vi\/wp-json\/wp\/v2\/media\/1998"}],"wp:attachment":[{"href":"https:\/\/detoco.com\/vi\/wp-json\/wp\/v2\/media?parent=1931"}],"curies":[{"name":"wp","href":"https:\/\/api.w.org\/{rel}","templated":true}]}}