{"id":1934,"date":"2020-11-25T08:41:26","date_gmt":"2020-11-25T08:41:26","guid":{"rendered":"https:\/\/detoco.com\/vi\/?post_type=product&#038;p=1934"},"modified":"2020-11-26T09:54:47","modified_gmt":"2020-11-26T09:54:47","slug":"tui-day-keo-voi-khoa-doi","status":"publish","type":"product","link":"https:\/\/detoco.com\/vi\/product\/tui-day-keo-voi-khoa-doi\/","title":{"rendered":"T\u00fai d\u00e2y k\u00e9o v\u1edbi kh\u00f3a \u0111\u00f4i"},"content":{"rendered":"<p>T\u00fai c\u00f3 kh\u00f3a k\u00e9o \u0111\u00f4i cung c\u1ea5p th\u00eam m\u1ed9t kh\u00f3a k\u00e9o b\u1ed5 sung \u0111\u1ec3 \u0111\u1ea3m b\u1ea3o s\u1ef1 ni\u00eam phong ch\u1eafc ch\u1eafn.<\/p>\n","protected":false},"excerpt":{"rendered":"T\u00fai c\u00f3 kh\u00f3a k\u00e9o \u0111\u00f4i cung c\u1ea5p th\u00eam m\u1ed9t kh\u00f3a k\u00e9o b\u1ed5 sung \u0111\u1ec3 \u0111\u1ea3m b\u1ea3o s\u1ef1 ni\u00eam phong ch\u1eafc ch\u1eafn.","protected":false},"featured_media":1997,"template":"","meta":[],"_links":{"self":[{"href":"https:\/\/detoco.com\/vi\/wp-json\/wp\/v2\/product\/1934"}],"collection":[{"href":"https:\/\/detoco.com\/vi\/wp-json\/wp\/v2\/product"}],"about":[{"href":"https:\/\/detoco.com\/vi\/wp-json\/wp\/v2\/types\/product"}],"wp:featuredmedia":[{"embeddable":true,"href":"https:\/\/detoco.com\/vi\/wp-json\/wp\/v2\/media\/1997"}],"wp:attachment":[{"href":"https:\/\/detoco.com\/vi\/wp-json\/wp\/v2\/media?parent=1934"}],"curies":[{"name":"wp","href":"https:\/\/api.w.org\/{rel}","templated":true}]}}