{"id":1937,"date":"2020-11-25T08:47:31","date_gmt":"2020-11-25T08:47:31","guid":{"rendered":"https:\/\/detoco.com\/vi\/?post_type=product&#038;p=1937"},"modified":"2020-11-26T09:53:14","modified_gmt":"2020-11-26T09:53:14","slug":"tui-day-keo-chong-tinh-dien","status":"publish","type":"product","link":"https:\/\/detoco.com\/vi\/product\/tui-day-keo-chong-tinh-dien\/","title":{"rendered":"T\u00fai d\u00e2y k\u00e9o ch\u1ed1ng t\u0129nh \u0111i\u1ec7n"},"content":{"rendered":"<p>T\u00fai d\u00e2y k\u00e9o ch\u1ed1ng t\u0129nh \u0111i\u1ec7n,<br \/>\nc\u00f3 th\u1ec3 th\u00eam v\u00e0o c\u00e1c ch\u1ea5t ph\u1ee5 gia (Antistatic, Anti UV) t\u00f9y theo y\u00eau c\u1ea7u c\u1ee7a kh\u00e1ch h\u00e0ng<\/p>\n","protected":false},"excerpt":{"rendered":"T\u00fai d\u00e2y k\u00e9o ch\u1ed1ng t\u0129nh \u0111i\u1ec7n, \r\nc\u00f3 th\u1ec3 th\u00eam v\u00e0o c\u00e1c ch\u1ea5t ph\u1ee5 gia (Antistatic, Anti UV) t\u00f9y theo y\u00eau c\u1ea7u c\u1ee7a kh\u00e1ch h\u00e0ng","protected":false},"featured_media":1996,"template":"","meta":[],"_links":{"self":[{"href":"https:\/\/detoco.com\/vi\/wp-json\/wp\/v2\/product\/1937"}],"collection":[{"href":"https:\/\/detoco.com\/vi\/wp-json\/wp\/v2\/product"}],"about":[{"href":"https:\/\/detoco.com\/vi\/wp-json\/wp\/v2\/types\/product"}],"wp:featuredmedia":[{"embeddable":true,"href":"https:\/\/detoco.com\/vi\/wp-json\/wp\/v2\/media\/1996"}],"wp:attachment":[{"href":"https:\/\/detoco.com\/vi\/wp-json\/wp\/v2\/media?parent=1937"}],"curies":[{"name":"wp","href":"https:\/\/api.w.org\/{rel}","templated":true}]}}