{"id":1939,"date":"2020-11-25T08:54:28","date_gmt":"2020-11-25T08:54:28","guid":{"rendered":"https:\/\/detoco.com\/vi\/?post_type=product&#038;p=1939"},"modified":"2020-11-26T09:51:30","modified_gmt":"2020-11-26T09:51:30","slug":"tui-day-keo-3-lop-4-lop-va-tui-day-keo-specimen","status":"publish","type":"product","link":"https:\/\/detoco.com\/vi\/product\/tui-day-keo-3-lop-4-lop-va-tui-day-keo-specimen\/","title":{"rendered":"T\u00fai d\u00e2y k\u00e9o 3 l\u1edbp, 4 l\u1edbp v\u00e0 T\u00fai d\u00e2y k\u00e9o Specimen."},"content":{"rendered":"<p>T\u00fai d\u00e2y k\u00e9o v\u1edbi 3 l\u1edbp, 4 l\u1edbp v\u00e0 ki\u1ec3u d\u00e1ng Speciman c\u00f3 t\u00fai \u0111\u1ef1ng t\u00e0i li\u1ec7u ri\u00eang bi\u1ec7t \u0111\u1ec3 gi\u1eef gi\u1ea5y t\u1edd \u0111\u01b0\u1ee3c kh\u00f4 r\u00e1o v\u00e0 \u0111\u00fang ch\u1ed7.T\u00fai c\u00f3 th\u1ec3 \u0111\u01b0\u1ee3c t\u00f9y ch\u1ec9nh \u0111\u1ec3 c\u00f3 n\u1eafp \u0111\u1eady ho\u1eb7c \u0111\u1ea7u m\u1edf<\/p>\n","protected":false},"excerpt":{"rendered":"T\u00fai d\u00e2y k\u00e9o v\u1edbi 3 l\u1edbp, 4 l\u1edbp v\u00e0 ki\u1ec3u d\u00e1ng Speciman c\u00f3 t\u00fai \u0111\u1ef1ng t\u00e0i li\u1ec7u ri\u00eang bi\u1ec7t \u0111\u1ec3 gi\u1eef gi\u1ea5y t\u1edd \u0111\u01b0\u1ee3c kh\u00f4 r\u00e1o v\u00e0 \u0111\u00fang ch\u1ed7.T\u00fai c\u00f3 th\u1ec3 \u0111\u01b0\u1ee3c t\u00f9y ch\u1ec9nh \u0111\u1ec3 c\u00f3 n\u1eafp \u0111\u1eady ho\u1eb7c \u0111\u1ea7u m\u1edf","protected":false},"featured_media":1994,"template":"","meta":[],"_links":{"self":[{"href":"https:\/\/detoco.com\/vi\/wp-json\/wp\/v2\/product\/1939"}],"collection":[{"href":"https:\/\/detoco.com\/vi\/wp-json\/wp\/v2\/product"}],"about":[{"href":"https:\/\/detoco.com\/vi\/wp-json\/wp\/v2\/types\/product"}],"wp:featuredmedia":[{"embeddable":true,"href":"https:\/\/detoco.com\/vi\/wp-json\/wp\/v2\/media\/1994"}],"wp:attachment":[{"href":"https:\/\/detoco.com\/vi\/wp-json\/wp\/v2\/media?parent=1939"}],"curies":[{"name":"wp","href":"https:\/\/api.w.org\/{rel}","templated":true}]}}