{"id":2113,"date":"2021-01-18T06:26:50","date_gmt":"2021-01-18T06:26:50","guid":{"rendered":"https:\/\/detoco.com\/vi\/?post_type=product&#038;p=2113"},"modified":"2021-02-03T22:53:29","modified_gmt":"2021-02-03T22:53:29","slug":"hop-gang-tay-cpe","status":"publish","type":"product","link":"https:\/\/detoco.com\/vi\/product\/hop-gang-tay-cpe\/","title":{"rendered":"H\u1ed9p g\u0103ng tay CPE"},"content":{"rendered":"<p>G\u0103ng tay d\u00f9ng 1 l\u1ea7n \u0111\u01b0\u1ee3c s\u1eed d\u1ee5ng \u0111\u1ec3 ch\u1ebf bi\u1ebfn th\u1ef1c ph\u1ea9m, l\u00e0m s\u1ea1ch chung, ki\u1ec3m tra v\u1ec7 sinh, nhu\u1ed9m t\u00f3c, gi\u1eb7t, v.v.,Ti\u1ec7n l\u1ee3i, h\u1ee3p v\u1ec7 sinh v\u00e0 h\u1ee3p t\u00fai ti\u1ec1n..<\/p>\n","protected":false},"excerpt":{"rendered":"G\u0103ng tay d\u00f9ng 1 l\u1ea7n \u0111\u01b0\u1ee3c s\u1eed d\u1ee5ng \u0111\u1ec3 ch\u1ebf bi\u1ebfn th\u1ef1c ph\u1ea9m, l\u00e0m s\u1ea1ch chung, ki\u1ec3m tra v\u1ec7 sinh, nhu\u1ed9m t\u00f3c, gi\u1eb7t, v.v.,Ti\u1ec7n l\u1ee3i, h\u1ee3p v\u1ec7 sinh v\u00e0 h\u1ee3p t\u00fai ti\u1ec1n..","protected":false},"featured_media":2114,"template":"","meta":[],"_links":{"self":[{"href":"https:\/\/detoco.com\/vi\/wp-json\/wp\/v2\/product\/2113"}],"collection":[{"href":"https:\/\/detoco.com\/vi\/wp-json\/wp\/v2\/product"}],"about":[{"href":"https:\/\/detoco.com\/vi\/wp-json\/wp\/v2\/types\/product"}],"wp:featuredmedia":[{"embeddable":true,"href":"https:\/\/detoco.com\/vi\/wp-json\/wp\/v2\/media\/2114"}],"wp:attachment":[{"href":"https:\/\/detoco.com\/vi\/wp-json\/wp\/v2\/media?parent=2113"}],"curies":[{"name":"wp","href":"https:\/\/api.w.org\/{rel}","templated":true}]}}