{"id":2150,"date":"2021-01-20T04:54:14","date_gmt":"2021-01-20T04:54:14","guid":{"rendered":"https:\/\/detoco.com\/ja\/?post_type=product&#038;p=2150"},"modified":"2021-02-03T23:29:21","modified_gmt":"2021-02-03T23:29:21","slug":"tui-dung-rac-cuon-co-loi-xep-day","status":"publish","type":"product","link":"https:\/\/detoco.com\/vi\/product\/tui-dung-rac-cuon-co-loi-xep-day\/","title":{"rendered":"T\u00fai \u0111\u1ef1ng r\u00e1c cu\u1ed9n c\u00f3 l\u00f5i, x\u1ebfp \u0111\u00e1y"},"content":{"rendered":"<p>T\u00fai \u0111\u1ef1ng r\u00e1c x\u1ebfp \u0111\u00e1y ti\u1ec7n l\u1ee3i d\u1ea1ng cu\u1ed9n, d\u1ec5 x\u00e9 v\u00e0 d\u1ec5 s\u1eed d\u1ee5ng, d\u00f9ng cho v\u0103n ph\u00f2ng, nh\u00e0 h\u00e0ng, ti\u1ec7c l\u1edbn, c\u1eafm tr\u1ea1i ngo\u00e0i tr\u1eddi, nh\u00e0 b\u1ebfp ho\u1eb7c di chuy\u1ec3n, v.v. Kh\u00f4ng th\u1ec3 thi\u1ebfu cho m\u1ecdi nh\u00e0.<\/p>\n","protected":false},"excerpt":{"rendered":"T\u00fai \u0111\u1ef1ng r\u00e1c x\u1ebfp \u0111\u00e1y ti\u1ec7n l\u1ee3i d\u1ea1ng cu\u1ed9n, d\u1ec5 x\u00e9 v\u00e0 d\u1ec5 s\u1eed d\u1ee5ng, d\u00f9ng cho v\u0103n ph\u00f2ng, nh\u00e0 h\u00e0ng, ti\u1ec7c l\u1edbn, c\u1eafm tr\u1ea1i ngo\u00e0i tr\u1eddi, nh\u00e0 b\u1ebfp ho\u1eb7c di chuy\u1ec3n, v.v. Kh\u00f4ng th\u1ec3 thi\u1ebfu cho m\u1ecdi nh\u00e0.","protected":false},"featured_media":2151,"template":"","meta":[],"_links":{"self":[{"href":"https:\/\/detoco.com\/vi\/wp-json\/wp\/v2\/product\/2150"}],"collection":[{"href":"https:\/\/detoco.com\/vi\/wp-json\/wp\/v2\/product"}],"about":[{"href":"https:\/\/detoco.com\/vi\/wp-json\/wp\/v2\/types\/product"}],"wp:featuredmedia":[{"embeddable":true,"href":"https:\/\/detoco.com\/vi\/wp-json\/wp\/v2\/media\/2151"}],"wp:attachment":[{"href":"https:\/\/detoco.com\/vi\/wp-json\/wp\/v2\/media?parent=2150"}],"curies":[{"name":"wp","href":"https:\/\/api.w.org\/{rel}","templated":true}]}}