{"id":2158,"date":"2021-01-20T06:14:46","date_gmt":"2021-01-20T06:14:46","guid":{"rendered":"https:\/\/detoco.com\/vi\/?post_type=product&#038;p=2158"},"modified":"2021-05-19T08:56:52","modified_gmt":"2021-05-19T08:56:52","slug":"ung-di-mua","status":"publish","type":"product","link":"https:\/\/detoco.com\/vi\/product\/ung-di-mua\/","title":{"rendered":"\u1ee6ng \u0111i m\u01b0a"},"content":{"rendered":"<p>D\u1ec5 d\u00e0ng mang, \u0111\u01a1n gi\u1ea3n v\u00e0 thi\u1ebft th\u1ef1c cho nh\u1eefng ng\u00e0y m\u01b0a. B\u1ea3o v\u1ec7 \u0111\u00f4i gi\u00e0y th\u00e2n y\u00eau c\u1ee7a b\u1ea1n.<\/p>\n","protected":false},"excerpt":{"rendered":"D\u1ec5 d\u00e0ng mang, \u0111\u01a1n gi\u1ea3n v\u00e0 thi\u1ebft th\u1ef1c cho nh\u1eefng ng\u00e0y m\u01b0a. B\u1ea3o v\u1ec7 \u0111\u00f4i gi\u00e0y th\u00e2n y\u00eau c\u1ee7a b\u1ea1n.","protected":false},"featured_media":2160,"template":"","meta":[],"_links":{"self":[{"href":"https:\/\/detoco.com\/vi\/wp-json\/wp\/v2\/product\/2158"}],"collection":[{"href":"https:\/\/detoco.com\/vi\/wp-json\/wp\/v2\/product"}],"about":[{"href":"https:\/\/detoco.com\/vi\/wp-json\/wp\/v2\/types\/product"}],"wp:featuredmedia":[{"embeddable":true,"href":"https:\/\/detoco.com\/vi\/wp-json\/wp\/v2\/media\/2160"}],"wp:attachment":[{"href":"https:\/\/detoco.com\/vi\/wp-json\/wp\/v2\/media?parent=2158"}],"curies":[{"name":"wp","href":"https:\/\/api.w.org\/{rel}","templated":true}]}}