{"id":2166,"date":"2021-01-20T06:51:46","date_gmt":"2021-01-20T06:51:46","guid":{"rendered":"https:\/\/detoco.com\/vi\/?post_type=product&#038;p=2166"},"modified":"2021-02-03T23:06:27","modified_gmt":"2021-02-03T23:06:27","slug":"tui-zipper-ky-day","status":"publish","type":"product","link":"https:\/\/detoco.com\/vi\/product\/tui-zipper-ky-day\/","title":{"rendered":"T\u00fai Zipper k\u00fd d\u00e0y"},"content":{"rendered":"<p>S\u1ea3n ph\u1ea9m \u0111\u01b0\u1ee3c s\u1eed d\u1ee5ng cho c\u1eeda h\u00e0ng \u0103n u\u1ed1ng, c\u00f4ng nghi\u1ec7p th\u1ef1c ph\u1ea9m, c\u1eeda h\u00e0ng v\u0103n ph\u00f2ng ph\u1ea9m, ph\u00f2ng kh\u00e1m y t\u1ebf, bao b\u00ec s\u1eed d\u1ee5ng trong gia \u0111\u00ecnh, v.v.<\/p>\n","protected":false},"excerpt":{"rendered":"S\u1ea3n ph\u1ea9m \u0111\u01b0\u1ee3c s\u1eed d\u1ee5ng cho c\u1eeda h\u00e0ng \u0103n u\u1ed1ng, c\u00f4ng nghi\u1ec7p th\u1ef1c ph\u1ea9m, c\u1eeda h\u00e0ng v\u0103n ph\u00f2ng ph\u1ea9m, ph\u00f2ng kh\u00e1m y t\u1ebf, bao b\u00ec s\u1eed d\u1ee5ng trong gia \u0111\u00ecnh, v.v.","protected":false},"featured_media":2167,"template":"","meta":[],"_links":{"self":[{"href":"https:\/\/detoco.com\/vi\/wp-json\/wp\/v2\/product\/2166"}],"collection":[{"href":"https:\/\/detoco.com\/vi\/wp-json\/wp\/v2\/product"}],"about":[{"href":"https:\/\/detoco.com\/vi\/wp-json\/wp\/v2\/types\/product"}],"wp:featuredmedia":[{"embeddable":true,"href":"https:\/\/detoco.com\/vi\/wp-json\/wp\/v2\/media\/2167"}],"wp:attachment":[{"href":"https:\/\/detoco.com\/vi\/wp-json\/wp\/v2\/media?parent=2166"}],"curies":[{"name":"wp","href":"https:\/\/api.w.org\/{rel}","templated":true}]}}