{"id":2172,"date":"2021-01-21T02:05:16","date_gmt":"2021-01-21T02:05:16","guid":{"rendered":"https:\/\/detoco.com\/vi\/?post_type=product&#038;p=2172"},"modified":"2021-02-03T23:20:19","modified_gmt":"2021-02-03T23:20:19","slug":"tui-zipper-day-dung","status":"publish","type":"product","link":"https:\/\/detoco.com\/vi\/product\/tui-zipper-day-dung\/","title":{"rendered":"T\u00fai Zipper \u0111\u00e1y \u0111\u1ee9ng"},"content":{"rendered":"<p>S\u1ea3n ph\u1ea9m \u0111\u01b0\u1ee3c s\u1eed d\u1ee5ng cho c\u1eeda h\u00e0ng \u0103n u\u1ed1ng, c\u00f4ng nghi\u1ec7p th\u1ef1c ph\u1ea9m, c\u1eeda h\u00e0ng v\u0103n ph\u00f2ng ph\u1ea9m, ph\u00f2ng kh\u00e1m y t\u1ebf, bao b\u00ec s\u1eed d\u1ee5ng trong gia \u0111\u00ecnh, v.v.<\/p>\n","protected":false},"excerpt":{"rendered":"S\u1ea3n ph\u1ea9m \u0111\u01b0\u1ee3c s\u1eed d\u1ee5ng cho c\u1eeda h\u00e0ng \u0103n u\u1ed1ng, c\u00f4ng nghi\u1ec7p th\u1ef1c ph\u1ea9m, c\u1eeda h\u00e0ng v\u0103n ph\u00f2ng ph\u1ea9m, ph\u00f2ng kh\u00e1m y t\u1ebf, bao b\u00ec s\u1eed d\u1ee5ng trong gia \u0111\u00ecnh, v.v.","protected":false},"featured_media":2173,"template":"","meta":[],"_links":{"self":[{"href":"https:\/\/detoco.com\/vi\/wp-json\/wp\/v2\/product\/2172"}],"collection":[{"href":"https:\/\/detoco.com\/vi\/wp-json\/wp\/v2\/product"}],"about":[{"href":"https:\/\/detoco.com\/vi\/wp-json\/wp\/v2\/types\/product"}],"wp:featuredmedia":[{"embeddable":true,"href":"https:\/\/detoco.com\/vi\/wp-json\/wp\/v2\/media\/2173"}],"wp:attachment":[{"href":"https:\/\/detoco.com\/vi\/wp-json\/wp\/v2\/media?parent=2172"}],"curies":[{"name":"wp","href":"https:\/\/api.w.org\/{rel}","templated":true}]}}