{"id":2178,"date":"2021-01-21T02:12:26","date_gmt":"2021-01-21T02:12:26","guid":{"rendered":"https:\/\/detoco.com\/vi\/?post_type=product&#038;p=2178"},"modified":"2021-05-19T08:46:31","modified_gmt":"2021-05-19T08:46:31","slug":"tui-luoi-giat-tron-2","status":"publish","type":"product","link":"https:\/\/detoco.com\/vi\/product\/tui-luoi-giat-tron-2\/","title":{"rendered":"T\u00fai l\u01b0\u1edbi gi\u1eb7t tr\u00f2n"},"content":{"rendered":"<p>T\u00fai l\u01b0\u1edbi gi\u1eb7t b\u1ea3o v\u1ec7 hi\u1ec7u qu\u1ea3 cho qu\u1ea7n \u00e1o khi gi\u1eb7t trong m\u00e1y gi\u1eb7t. C\u00e1c chi ti\u1ebft nh\u1ecf nh\u01b0 c\u01b0\u1eddm, khuy \u00e1o.. s\u1ebd kh\u00f4ng b\u1ecb h\u01b0 h\u1ecfng, \u00e1o thun s\u1ebd h\u1ea1n ch\u1ebf b\u1ecb d\u00e3n trong qu\u00e1 tr\u00ecnh v\u1eaft. \u00c1o m\u1ecfng s\u1ebd kh\u00f4ng b\u1ecb h\u01b0<\/p>\n","protected":false},"excerpt":{"rendered":"T\u00fai l\u01b0\u1edbi gi\u1eb7t b\u1ea3o v\u1ec7 hi\u1ec7u qu\u1ea3 cho qu\u1ea7n \u00e1o khi gi\u1eb7t trong m\u00e1y gi\u1eb7t. C\u00e1c chi ti\u1ebft nh\u1ecf nh\u01b0 c\u01b0\u1eddm, khuy \u00e1o.. s\u1ebd kh\u00f4ng b\u1ecb h\u01b0 h\u1ecfng, \u00e1o thun s\u1ebd h\u1ea1n ch\u1ebf b\u1ecb d\u00e3n trong qu\u00e1 tr\u00ecnh v\u1eaft. \u00c1o m\u1ecfng s\u1ebd kh\u00f4ng b\u1ecb h\u01b0","protected":false},"featured_media":2179,"template":"","meta":[],"_links":{"self":[{"href":"https:\/\/detoco.com\/vi\/wp-json\/wp\/v2\/product\/2178"}],"collection":[{"href":"https:\/\/detoco.com\/vi\/wp-json\/wp\/v2\/product"}],"about":[{"href":"https:\/\/detoco.com\/vi\/wp-json\/wp\/v2\/types\/product"}],"wp:featuredmedia":[{"embeddable":true,"href":"https:\/\/detoco.com\/vi\/wp-json\/wp\/v2\/media\/2179"}],"wp:attachment":[{"href":"https:\/\/detoco.com\/vi\/wp-json\/wp\/v2\/media?parent=2178"}],"curies":[{"name":"wp","href":"https:\/\/api.w.org\/{rel}","templated":true}]}}