{"id":2181,"date":"2021-01-21T02:19:06","date_gmt":"2021-01-21T02:19:06","guid":{"rendered":"https:\/\/detoco.com\/?post_type=product&#038;p=2181"},"modified":"2021-05-19T08:43:04","modified_gmt":"2021-05-19T08:43:04","slug":"khau-trang-y-te","status":"publish","type":"product","link":"https:\/\/detoco.com\/vi\/product\/khau-trang-y-te\/","title":{"rendered":"Kh\u1ea9u trang y t\u1ebf"},"content":{"rendered":"<p>Kh\u1ea9u trang y t\u1ebf 3 l\u1edbp cao c\u1ea5p, b\u1ea3o v\u1ec7 \u0111\u01b0\u1ee3c s\u1eed d\u1ee5ng \u0111\u1ec3 b\u1ecbt v\u00f9ng m\u1eb7t (th\u01b0\u1eddng l\u00e0 m\u0169i, mi\u1ec7ng) \u0111\u1ec3 ng\u0103n ng\u1eeba b\u1ea3o v\u1ec7 ng\u01b0\u1eddi \u0111eo kh\u1ecfi b\u1ecb l\u00e2y nhi\u1ec5m c\u00e1c lo\u1ea1i vi khu\u1ea9n, d\u1ecbch b\u1ec7nh, b\u1ee5i b\u1eb7m th\u00f4ng qua \u0111\u01b0\u1eddng h\u00f4 h\u1ea5p. \u0110\u01b0\u1ee3c s\u1eed d\u1ee5ng nhi\u1ec1u trong c\u00e1c c\u01a1 s\u1edf y t\u1ebf, cung c\u1ea5p cho c\u00e1c b\u00e1c s\u0129, y t\u00e1, \u0111i\u1ec1u d\u01b0\u1ee1ng vi\u00ean, gi\u00e1m \u0111\u1ecbnh ph\u00e1p y\u2026<\/p>\n","protected":false},"excerpt":{"rendered":"Kh\u1ea9u trang y t\u1ebf 3 l\u1edbp cao c\u1ea5p, b\u1ea3o v\u1ec7 \u0111\u01b0\u1ee3c s\u1eed d\u1ee5ng \u0111\u1ec3 b\u1ecbt v\u00f9ng m\u1eb7t (th\u01b0\u1eddng l\u00e0 m\u0169i, mi\u1ec7ng) \u0111\u1ec3 ng\u0103n ng\u1eeba b\u1ea3o v\u1ec7 ng\u01b0\u1eddi \u0111eo kh\u1ecfi b\u1ecb l\u00e2y nhi\u1ec5m c\u00e1c lo\u1ea1i vi khu\u1ea9n, d\u1ecbch b\u1ec7nh, b\u1ee5i b\u1eb7m th\u00f4ng qua \u0111\u01b0\u1eddng h\u00f4 h\u1ea5p. \u0110\u01b0\u1ee3c s\u1eed d\u1ee5ng nhi\u1ec1u trong c\u00e1c c\u01a1 s\u1edf y t\u1ebf, cung c\u1ea5p cho c\u00e1c b\u00e1c s\u0129, y t\u00e1, \u0111i\u1ec1u d\u01b0\u1ee1ng vi\u00ean, gi\u00e1m \u0111\u1ecbnh ph\u00e1p y&#8230;","protected":false},"featured_media":2182,"template":"","meta":[],"_links":{"self":[{"href":"https:\/\/detoco.com\/vi\/wp-json\/wp\/v2\/product\/2181"}],"collection":[{"href":"https:\/\/detoco.com\/vi\/wp-json\/wp\/v2\/product"}],"about":[{"href":"https:\/\/detoco.com\/vi\/wp-json\/wp\/v2\/types\/product"}],"wp:featuredmedia":[{"embeddable":true,"href":"https:\/\/detoco.com\/vi\/wp-json\/wp\/v2\/media\/2182"}],"wp:attachment":[{"href":"https:\/\/detoco.com\/vi\/wp-json\/wp\/v2\/media?parent=2181"}],"curies":[{"name":"wp","href":"https:\/\/api.w.org\/{rel}","templated":true}]}}