{"id":2824,"date":"2021-11-23T09:46:56","date_gmt":"2021-11-23T09:46:56","guid":{"rendered":"https:\/\/detoco.com\/?post_type=product&#038;p=2824"},"modified":"2024-05-09T10:01:26","modified_gmt":"2024-05-09T10:01:26","slug":"band-bags","status":"publish","type":"product","link":"https:\/\/detoco.com\/vi\/product\/band-bags\/","title":{"rendered":"T\u00fai tr\u00f9m"},"content":{"rendered":"<p>H\u00ecnh ch\u1eef nh\u1eadt, d\u00e2y cao su \u0111\u01b0\u1ee3c h\u00e0n k\u00edn ho\u1eb7c kh\u00e2u v\u00e0o ph\u1ea7n mi\u1ec7ng c\u1ee7a t\u00fai ph\u1eb3ng. Ph\u00f9 h\u1ee3p cho Y t\u1ebf, d\u01b0\u1ee3c ph\u1ea9m, ch\u1ebf bi\u1ebfn th\u1ef1c ph\u1ea9m, s\u1ea3n xu\u1ea5t, x\u00e2y d\u1ef1ng v\u00e0 c\u00e1c \u1ee9ng d\u1ee5ng v\u1ec7 sinh, s\u1eed d\u1ee5ng h\u00e0ng ng\u00e0y. C\u00f3 th\u1ec3 g\u1eafn b\u0103ng keo theo y\u00eau c\u1ea7u. S\u1eed d\u1ee5ng m\u1ed9t l\u1ea7n, ti\u1ec7t tr\u00f9ng ho\u1eb7c kh\u00f4ng ti\u1ec7t tr\u00f9ng. M\u00e0ng polyethylene trong cho h\u00ecnh \u1ea3nh r\u00f5 n\u00e9t ho\u1eb7c m\u00e0ng film v\u1edbi c\u00e1c m\u00e0u c\u00f3 s\u1eb5n. D\u00e2y cao su kh\u00f4ng ch\u1ee9a latex c\u00f3 th\u1ec3 \u0111\u01b0\u1ee3c s\u1eed d\u1ee5ng theo y\u00eau c\u1ea7u.<\/p>\n","protected":false},"excerpt":{"rendered":"H\u00ecnh ch\u1eef nh\u1eadt, d\u00e2y cao su \u0111\u01b0\u1ee3c h\u00e0n k\u00edn ho\u1eb7c kh\u00e2u v\u00e0o ph\u1ea7n mi\u1ec7ng c\u1ee7a t\u00fai ph\u1eb3ng. Ph\u00f9 h\u1ee3p cho Y t\u1ebf, d\u01b0\u1ee3c ph\u1ea9m, ch\u1ebf bi\u1ebfn th\u1ef1c ph\u1ea9m, s\u1ea3n xu\u1ea5t, x\u00e2y d\u1ef1ng v\u00e0 c\u00e1c \u1ee9ng d\u1ee5ng v\u1ec7 sinh, s\u1eed d\u1ee5ng h\u00e0ng ng\u00e0y. C\u00f3 th\u1ec3 g\u1eafn b\u0103ng keo theo y\u00eau c\u1ea7u. S\u1eed d\u1ee5ng m\u1ed9t l\u1ea7n, ti\u1ec7t tr\u00f9ng ho\u1eb7c kh\u00f4ng ti\u1ec7t tr\u00f9ng. M\u00e0ng polyethylene trong cho h\u00ecnh \u1ea3nh r\u00f5 n\u00e9t ho\u1eb7c m\u00e0ng film v\u1edbi c\u00e1c m\u00e0u c\u00f3 s\u1eb5n. D\u00e2y cao su kh\u00f4ng ch\u1ee9a latex c\u00f3 th\u1ec3 \u0111\u01b0\u1ee3c s\u1eed d\u1ee5ng theo y\u00eau c\u1ea7u.","protected":false},"featured_media":2826,"template":"","meta":[],"_links":{"self":[{"href":"https:\/\/detoco.com\/vi\/wp-json\/wp\/v2\/product\/2824"}],"collection":[{"href":"https:\/\/detoco.com\/vi\/wp-json\/wp\/v2\/product"}],"about":[{"href":"https:\/\/detoco.com\/vi\/wp-json\/wp\/v2\/types\/product"}],"wp:featuredmedia":[{"embeddable":true,"href":"https:\/\/detoco.com\/vi\/wp-json\/wp\/v2\/media\/2826"}],"wp:attachment":[{"href":"https:\/\/detoco.com\/vi\/wp-json\/wp\/v2\/media?parent=2824"}],"curies":[{"name":"wp","href":"https:\/\/api.w.org\/{rel}","templated":true}]}}