{"id":2926,"date":"2024-03-05T03:07:01","date_gmt":"2024-03-05T03:07:01","guid":{"rendered":"https:\/\/detoco.com\/vi\/?post_type=product&#038;p=2926"},"modified":"2024-05-10T13:35:05","modified_gmt":"2024-05-10T13:35:05","slug":"biohazard-containment-table-covers","status":"publish","type":"product","link":"https:\/\/detoco.com\/vi\/product\/biohazard-containment-table-covers\/","title":{"rendered":"M\u00e0ng ph\u1ee7 (che) v\u1eadt li\u1ec7u nguy h\u1ea1i sinh h\u1ecdc"},"content":{"rendered":"<p>\u0110\u01b0\u1ee3c l\u00e0m t\u1eeb m\u00e0ng phim polyethylene c\u00f3 m\u00e0u s\u1eafc v\u00e0 in \u1ea5n theo y\u00eau c\u1ea7u. D\u00e2y thun cao su kh\u00f4ng latex co gi\u00e3n \u0111\u01b0\u1ee3c kh\u00e2u v\u00e0o m\u00e9p m\u00e0ng ch\u1eafc ch\u1eafn D\u00f9ng \u0111\u1ec3 che k\u00edn d\u1ee5ng c\u1ee5<br \/>\nb\u1ecb \u00f4 nhi\u1ec5m \u0111\u1ebfn b\u1ed9 ph\u1eadn x\u1eed l\u00fd v\u00f4 tr\u00f9ng. Gi\u00fap x\u00e1c \u0111\u1ecbnh v\u1eadt li\u1ec7u c\u00f3 nguy c\u01a1 \u00f4 nhi\u1ec5m sinh h\u1ecdc khi v\u1eadn chuy\u1ec3n.<\/p>\n","protected":false},"excerpt":{"rendered":"\u0110\u01b0\u1ee3c l\u00e0m t\u1eeb m\u00e0ng phim polyethylene c\u00f3 m\u00e0u s\u1eafc v\u00e0 in \u1ea5n theo y\u00eau c\u1ea7u. D\u00e2y thun cao su kh\u00f4ng latex co gi\u00e3n \u0111\u01b0\u1ee3c kh\u00e2u v\u00e0o m\u00e9p m\u00e0ng ch\u1eafc ch\u1eafn D\u00f9ng \u0111\u1ec3 che k\u00edn d\u1ee5ng c\u1ee5\r\nb\u1ecb \u00f4 nhi\u1ec5m \u0111\u1ebfn b\u1ed9 ph\u1eadn x\u1eed l\u00fd v\u00f4 tr\u00f9ng. Gi\u00fap x\u00e1c \u0111\u1ecbnh v\u1eadt li\u1ec7u c\u00f3 nguy c\u01a1 \u00f4 nhi\u1ec5m sinh h\u1ecdc khi v\u1eadn chuy\u1ec3n.","protected":false},"featured_media":3073,"template":"","meta":[],"_links":{"self":[{"href":"https:\/\/detoco.com\/vi\/wp-json\/wp\/v2\/product\/2926"}],"collection":[{"href":"https:\/\/detoco.com\/vi\/wp-json\/wp\/v2\/product"}],"about":[{"href":"https:\/\/detoco.com\/vi\/wp-json\/wp\/v2\/types\/product"}],"wp:featuredmedia":[{"embeddable":true,"href":"https:\/\/detoco.com\/vi\/wp-json\/wp\/v2\/media\/3073"}],"wp:attachment":[{"href":"https:\/\/detoco.com\/vi\/wp-json\/wp\/v2\/media?parent=2926"}],"curies":[{"name":"wp","href":"https:\/\/api.w.org\/{rel}","templated":true}]}}