{"id":2927,"date":"2024-03-05T03:10:26","date_gmt":"2024-03-05T03:10:26","guid":{"rendered":"https:\/\/detoco.com\/vi\/?post_type=product&#038;p=2927"},"modified":"2024-04-24T09:24:50","modified_gmt":"2024-04-24T09:24:50","slug":"equipment-cover-c-arm-cover-fluoroscope-drape","status":"publish","type":"product","link":"https:\/\/detoco.com\/vi\/product\/equipment-cover-c-arm-cover-fluoroscope-drape\/","title":{"rendered":"M\u00e0ng b\u1ecdc m\u00e1y X-quang mini, v\u00e0 che ph\u1ee7 c\u00e1c thi\u1ebft b\u1ecb Y t\u1ebf."},"content":{"rendered":"<p>L\u00e0 lo\u1ea1i t\u00fai l\u00e0m t\u1eeb m\u00e0ng Polyethylene trong su\u1ed1t gi\u00fap b\u00e1c s\u0129 d\u1ec5 d\u00e0ng theo d\u00f5i thi\u1ebft b\u1ecb, \u0111\u01b0\u1ee3c s\u1ea3n xu\u1ea5t v\u00f4 tr\u00f9ng d\u00f9ng \u0111\u1ec3 che ph\u1ee7 m\u00e1y X-quang nh\u1eb1m ng\u0103n ch\u1eb7n s\u1ef1 l\u00e2y nhi\u1ec5m ch\u00e9o.<\/p>\n","protected":false},"excerpt":{"rendered":"L\u00e0 lo\u1ea1i t\u00fai l\u00e0m t\u1eeb m\u00e0ng Polyethylene trong su\u1ed1t gi\u00fap b\u00e1c s\u0129 d\u1ec5 d\u00e0ng theo d\u00f5i thi\u1ebft b\u1ecb, \u0111\u01b0\u1ee3c s\u1ea3n xu\u1ea5t v\u00f4 tr\u00f9ng d\u00f9ng \u0111\u1ec3 che ph\u1ee7 m\u00e1y X-quang nh\u1eb1m ng\u0103n ch\u1eb7n s\u1ef1 l\u00e2y nhi\u1ec5m ch\u00e9o.","protected":false},"featured_media":3091,"template":"","meta":[],"_links":{"self":[{"href":"https:\/\/detoco.com\/vi\/wp-json\/wp\/v2\/product\/2927"}],"collection":[{"href":"https:\/\/detoco.com\/vi\/wp-json\/wp\/v2\/product"}],"about":[{"href":"https:\/\/detoco.com\/vi\/wp-json\/wp\/v2\/types\/product"}],"wp:featuredmedia":[{"embeddable":true,"href":"https:\/\/detoco.com\/vi\/wp-json\/wp\/v2\/media\/3091"}],"wp:attachment":[{"href":"https:\/\/detoco.com\/vi\/wp-json\/wp\/v2\/media?parent=2927"}],"curies":[{"name":"wp","href":"https:\/\/api.w.org\/{rel}","templated":true}]}}