{"id":2929,"date":"2024-03-05T03:21:31","date_gmt":"2024-03-05T03:21:31","guid":{"rendered":"https:\/\/detoco.com\/vi\/?post_type=product&#038;p=2929"},"modified":"2024-04-23T10:29:00","modified_gmt":"2024-04-23T10:29:00","slug":"bedside-bags","status":"publish","type":"product","link":"https:\/\/detoco.com\/vi\/product\/bedside-bags\/","title":{"rendered":"T\u00fai b\u0103ng keo d\u00e1n c\u1ea1nh gi\u01b0\u1eddng"},"content":{"rendered":"<p>T\u00fai \u0111\u01b0\u1ee3c l\u00e0m t\u1eeb PE v\u1edbi k\u00edch th\u01b0\u1edbc, m\u00e0u s\u1eafc v\u00e0 in \u1ea5n theo y\u00eau c\u1ea7u, Mi\u1ec7ng t\u00fai v\u1edbi l\u1edbp keo b\u1ea3n r\u1ed9ng, \u0111\u1ed9 b\u00e1m d\u00ednh ch\u1eafc ch\u1eafn, ch\u1ecbu l\u1ef1c t\u1ed1t.<br \/>\nC\u00e1ch s\u1eed d\u1ee5ng: \u0110\u01b0\u1ee3c g\u1eafn v\u00e0o \u0111\u1ea7u gi\u01b0\u1eddng ho\u1eb7c c\u00e1c b\u1ec1 m\u1eb7t v\u1eadt c\u1ee9ng kh\u00e1c \u0111\u1ec3 thu\u1eadn ti\u1ec7n \u0111\u1ef1ng c\u00e1c v\u1eadt ph\u1ea9m.<\/p>\n","protected":false},"excerpt":{"rendered":"T\u00fai \u0111\u01b0\u1ee3c l\u00e0m t\u1eeb PE v\u1edbi k\u00edch th\u01b0\u1edbc, m\u00e0u s\u1eafc v\u00e0 in \u1ea5n theo y\u00eau c\u1ea7u, Mi\u1ec7ng t\u00fai v\u1edbi l\u1edbp keo b\u1ea3n r\u1ed9ng, \u0111\u1ed9 b\u00e1m d\u00ednh ch\u1eafc ch\u1eafn, ch\u1ecbu l\u1ef1c t\u1ed1t.\r\nC\u00e1ch s\u1eed d\u1ee5ng: \u0110\u01b0\u1ee3c g\u1eafn v\u00e0o \u0111\u1ea7u gi\u01b0\u1eddng ho\u1eb7c c\u00e1c b\u1ec1 m\u1eb7t v\u1eadt c\u1ee9ng kh\u00e1c \u0111\u1ec3 thu\u1eadn ti\u1ec7n \u0111\u1ef1ng c\u00e1c v\u1eadt ph\u1ea9m.","protected":false},"featured_media":3090,"template":"","meta":[],"_links":{"self":[{"href":"https:\/\/detoco.com\/vi\/wp-json\/wp\/v2\/product\/2929"}],"collection":[{"href":"https:\/\/detoco.com\/vi\/wp-json\/wp\/v2\/product"}],"about":[{"href":"https:\/\/detoco.com\/vi\/wp-json\/wp\/v2\/types\/product"}],"wp:featuredmedia":[{"embeddable":true,"href":"https:\/\/detoco.com\/vi\/wp-json\/wp\/v2\/media\/3090"}],"wp:attachment":[{"href":"https:\/\/detoco.com\/vi\/wp-json\/wp\/v2\/media?parent=2929"}],"curies":[{"name":"wp","href":"https:\/\/api.w.org\/{rel}","templated":true}]}}