{"id":3000,"date":"2024-03-13T07:24:05","date_gmt":"2024-03-13T07:24:05","guid":{"rendered":"https:\/\/detoco.com\/vi\/?post_type=product&#038;p=3000"},"modified":"2024-04-23T10:36:21","modified_gmt":"2024-04-23T10:36:21","slug":"tui-trum-tui-trum-chong-tinh-dien","status":"publish","type":"product","link":"https:\/\/detoco.com\/vi\/product\/tui-trum-tui-trum-chong-tinh-dien\/","title":{"rendered":"T\u00fai tr\u00f9m\/t\u00fai tr\u00f9m ch\u1ed1ng t\u0129nh \u0111i\u1ec7n"},"content":{"rendered":"<p>\u0110a d\u1ea1ng v\u1ec1 ki\u1ec3u d\u00e1ng theo y\u00eau c\u1ea7u kh\u00e1ch h\u00e0ng (H\u00ecnh tr\u00f2n, h\u00ecnh vu\u00f4ng, h\u00ecnh h\u1ed9p), d\u00e2y cao su \u0111\u01b0\u1ee3c h\u00e0n k\u00edn ho\u1eb7c kh\u00e2u tr\u00ean mi\u1ec7ng c\u1ee7a m\u00e0ng PE.<br \/>\nC\u00f3 th\u1ec3 th\u00eam v\u00e0o c\u00e1c ch\u1ea5t ph\u1ee5 gia (Antistatic, Anti UV) t\u00f9y theo y\u00eau c\u1ea7u c\u1ee7a kh\u00e1ch h\u00e0ng K\u00edch th\u01b0\u1edbc v\u00e0 m\u00e0u s\u1eafc, in \u1ea5n theo y\u00eau c\u1ea7u.<\/p>\n","protected":false},"excerpt":{"rendered":"\u0110a d\u1ea1ng v\u1ec1 ki\u1ec3u d\u00e1ng theo y\u00eau c\u1ea7u kh\u00e1ch h\u00e0ng (H\u00ecnh tr\u00f2n, h\u00ecnh vu\u00f4ng, h\u00ecnh h\u1ed9p), d\u00e2y cao su \u0111\u01b0\u1ee3c h\u00e0n k\u00edn ho\u1eb7c kh\u00e2u tr\u00ean mi\u1ec7ng c\u1ee7a m\u00e0ng PE.\r\nC\u00f3 th\u1ec3 th\u00eam v\u00e0o c\u00e1c ch\u1ea5t ph\u1ee5 gia (Antistatic, Anti UV) t\u00f9y theo y\u00eau c\u1ea7u c\u1ee7a kh\u00e1ch h\u00e0ng K\u00edch th\u01b0\u1edbc v\u00e0 m\u00e0u s\u1eafc, in \u1ea5n theo y\u00eau c\u1ea7u.","protected":false},"featured_media":3064,"template":"","meta":[],"_links":{"self":[{"href":"https:\/\/detoco.com\/vi\/wp-json\/wp\/v2\/product\/3000"}],"collection":[{"href":"https:\/\/detoco.com\/vi\/wp-json\/wp\/v2\/product"}],"about":[{"href":"https:\/\/detoco.com\/vi\/wp-json\/wp\/v2\/types\/product"}],"wp:featuredmedia":[{"embeddable":true,"href":"https:\/\/detoco.com\/vi\/wp-json\/wp\/v2\/media\/3064"}],"wp:attachment":[{"href":"https:\/\/detoco.com\/vi\/wp-json\/wp\/v2\/media?parent=3000"}],"curies":[{"name":"wp","href":"https:\/\/api.w.org\/{rel}","templated":true}]}}