{"id":3011,"date":"2024-03-13T07:52:19","date_gmt":"2024-03-13T07:52:19","guid":{"rendered":"https:\/\/detoco.com\/vi\/?post_type=product&#038;p=3011"},"modified":"2024-05-06T06:10:57","modified_gmt":"2024-05-06T06:10:57","slug":"tui-dung-mau-benh-pham-tui-dung-mau-nguy-hiem-sinh-hoc","status":"publish","type":"product","link":"https:\/\/detoco.com\/vi\/product\/tui-dung-mau-benh-pham-tui-dung-mau-nguy-hiem-sinh-hoc\/","title":{"rendered":"T\u00fai \u0111\u1ef1ng m\u1eabu b\u1ec7nh ph\u1ea9m\/t\u00fai \u0111\u1ef1ng m\u1eabu nguy hi\u1ec3m sinh h\u1ecdc"},"content":{"rendered":"<p>T\u00fai kh\u00f3a k\u00e9o 3 l\u1edbp ho\u1eb7c 4 l\u1edbp.V\u1edbi ng\u0103n ch\u1ee9a t\u00e0i li\u1ec7u ri\u00eang bi\u1ec7t, gi\u00fap t\u00e0i li\u1ec7u \u0111\u01b0\u1ee3c kh\u00f4 r\u00e1o v\u00e0 \u0111\u00fang ch\u1ed7.<br \/>\nT\u0103ng \u0111\u1ed9 an to\u00e0n v\u00e0 b\u1ea3o m\u1eadt khi l\u1ea5y v\u00e0 di chuy\u1ec3n c\u00e1c m\u1eabu b\u1ec7nh ph\u1ea9m<\/p>\n","protected":false},"excerpt":{"rendered":"T\u00fai kh\u00f3a k\u00e9o 3 l\u1edbp ho\u1eb7c 4 l\u1edbp.V\u1edbi ng\u0103n ch\u1ee9a t\u00e0i li\u1ec7u ri\u00eang bi\u1ec7t, gi\u00fap t\u00e0i li\u1ec7u \u0111\u01b0\u1ee3c kh\u00f4 r\u00e1o v\u00e0 \u0111\u00fang ch\u1ed7.\r\nT\u0103ng \u0111\u1ed9 an to\u00e0n v\u00e0 b\u1ea3o m\u1eadt khi l\u1ea5y v\u00e0 di chuy\u1ec3n c\u00e1c m\u1eabu b\u1ec7nh ph\u1ea9m","protected":false},"featured_media":3060,"template":"","meta":[],"_links":{"self":[{"href":"https:\/\/detoco.com\/vi\/wp-json\/wp\/v2\/product\/3011"}],"collection":[{"href":"https:\/\/detoco.com\/vi\/wp-json\/wp\/v2\/product"}],"about":[{"href":"https:\/\/detoco.com\/vi\/wp-json\/wp\/v2\/types\/product"}],"wp:featuredmedia":[{"embeddable":true,"href":"https:\/\/detoco.com\/vi\/wp-json\/wp\/v2\/media\/3060"}],"wp:attachment":[{"href":"https:\/\/detoco.com\/vi\/wp-json\/wp\/v2\/media?parent=3011"}],"curies":[{"name":"wp","href":"https:\/\/api.w.org\/{rel}","templated":true}]}}