{"id":849,"date":"2017-10-20T03:44:52","date_gmt":"2017-10-20T03:44:52","guid":{"rendered":"http:\/\/viet.local\/construct\/?post_type=product&#038;p=849"},"modified":"2024-06-11T04:25:02","modified_gmt":"2024-06-11T04:25:02","slug":"body-bag-peva-eva-body-bags-corpse-bag","status":"publish","type":"product","link":"https:\/\/detoco.com\/vi\/product\/body-bag-peva-eva-body-bags-corpse-bag\/","title":{"rendered":"T\u00fai c\u01a1 th\u1ec3 PEVA \/ EVA (T\u00fai \u0111\u1ef1ng h\u00e0ng)"},"content":{"rendered":"<p>T\u00fai c\u01a1 th\u1ec3 PEVA \/ EVA (T\u00fai \u0111\u1ef1ng h\u00e0ng) ch\u1ecbu l\u1ef1c t\u1ed1t v\u00e0 ch\u1eafc ch\u1eafn.<br \/>\nS\u1ea3n ph\u1ea9m c\u00f3 th\u1ec3 \u0111\u01b0\u1ee3c s\u1ea3n xu\u1ea5t c\u00f3 tay c\u1ea7m\/ kh\u00f4ng c\u00f3 tay c\u1ea7m v\u1edbi c\u00e1c m\u00e0u s\u1eafc, \u0111\u1ed9 d\u00e0y v\u00e0 k\u00edch c\u1ee1 kh\u00e1c nhau t\u00f9y theo y\u00eau c\u1ea7u.<\/p>\n","protected":false},"excerpt":{"rendered":"T\u00fai c\u01a1 th\u1ec3 PEVA \/ EVA (T\u00fai \u0111\u1ef1ng h\u00e0ng) ch\u1ecbu l\u1ef1c t\u1ed1t v\u00e0 ch\u1eafc ch\u1eafn.\r\nS\u1ea3n ph\u1ea9m c\u00f3 th\u1ec3 \u0111\u01b0\u1ee3c s\u1ea3n xu\u1ea5t c\u00f3 tay c\u1ea7m\/ kh\u00f4ng c\u00f3 tay c\u1ea7m v\u1edbi c\u00e1c m\u00e0u s\u1eafc, \u0111\u1ed9 d\u00e0y v\u00e0 k\u00edch c\u1ee1 kh\u00e1c nhau t\u00f9y theo y\u00eau c\u1ea7u.","protected":false},"featured_media":1634,"template":"","meta":[],"_links":{"self":[{"href":"https:\/\/detoco.com\/vi\/wp-json\/wp\/v2\/product\/849"}],"collection":[{"href":"https:\/\/detoco.com\/vi\/wp-json\/wp\/v2\/product"}],"about":[{"href":"https:\/\/detoco.com\/vi\/wp-json\/wp\/v2\/types\/product"}],"wp:featuredmedia":[{"embeddable":true,"href":"https:\/\/detoco.com\/vi\/wp-json\/wp\/v2\/media\/1634"}],"wp:attachment":[{"href":"https:\/\/detoco.com\/vi\/wp-json\/wp\/v2\/media?parent=849"}],"curies":[{"name":"wp","href":"https:\/\/api.w.org\/{rel}","templated":true}]}}